{"id":864,"date":"2024-08-03T00:38:24","date_gmt":"2024-08-03T00:38:24","guid":{"rendered":"https:\/\/site.japami.gob.mx\/?page_id=864"},"modified":"2024-08-03T00:38:44","modified_gmt":"2024-08-03T00:38:44","slug":"suspension-voluntaria","status":"publish","type":"page","link":"https:\/\/www.japami.gob.mx\/index.php\/suspension-voluntaria\/","title":{"rendered":"Suspensi\u00f3n voluntaria"},"content":{"rendered":"\t\t<div data-elementor-type=\"wp-page\" data-elementor-id=\"864\" class=\"elementor elementor-864\" data-elementor-post-type=\"page\">\n\t\t\t\t<div class=\"elementor-element elementor-element-5d0ac9d e-flex e-con-boxed e-con e-parent\" data-id=\"5d0ac9d\" data-element_type=\"container\" data-e-type=\"container\">\n\t\t\t\t\t<div class=\"e-con-inner\">\n\t\t\t\t<div class=\"elementor-element elementor-element-ecbdcf4 elementor-widget elementor-widget-shortcode\" data-id=\"ecbdcf4\" data-element_type=\"widget\" data-e-type=\"widget\" data-widget_type=\"shortcode.default\">\n\t\t\t\t<div class=\"elementor-widget-container\">\n\t\t\t\t\t\t\t<div class=\"elementor-shortcode\">\t<section class=\"container my-5\">\r\n\t  <form id=\"form_suspension_voluntaria\" action=\"\">\r\n\t\t<div class=\"px-5 mb-4\">\r\n\t\t\t<p class=\"mb-4\">Estimado usuario, si desea solicitar una <b>Suspensi\u00f3n Voluntaria<\/b>, el cual consiste en suspender temporalmente de manera \r\n\t\t\t\tvoluntaria el servicio de agua y su respectiva facturaci\u00f3n por el <b>presente a\u00f1o<\/b>, favor de llenar los siguientes campos.\r\n\t\t\t\t<a href=\"\" class=\"enlaces\">Mas informaci\u00f3n<\/a>\r\n\t\t\t<\/p>\r\n\t\t\t<p>Una vez recibida, personal de Atenci\u00f3n a Usuarios se pondr\u00e1 en contacto con usted v\u00eda telef\u00f3nica o por correo electr\u00f3nico.<\/p>\r\n\t\t<\/div>\r\n\t\t<div class=\"fondo_gris p-5\">\r\n\t\t\t<div class=\"row\">\r\n\t\t\t\t<p class=\"fw-bolder\">Datos del Recibo de Agua:<\/p>\r\n\t\t\t\t<div class=\"col-md-3 col-12 my-3 my-md-2\">\r\n\t\t\t\t\t<div class=\"fondo_azul py-3 ps-3 w-100 rounded-top-2 border border-bottom-0 border-black\">\r\n\t\t\t\t\t\t<p>*Cuenta<\/p>\r\n\t\t\t\t\t<\/div>\r\n\t\t\t\t\t<div class=\"fondo_blanco w-100 rounded-bottom-2 border border-top-0 border-black\">\r\n\t\t\t\t\t\t<input type=\"text\" id=\"cuenta\" name=\"cuenta\" placeholder=\"\" class=\"input\">\r\n\t\t\t\t\t<\/div>\r\n\t\t\t\t<\/div>\r\n\t\t\t\t<div class=\"col-md-3 col-12 my-3 my-md-2\">\r\n\t\t\t\t\t<div class=\"fondo_azul py-3 ps-3 w-100 rounded-top-2 border border-bottom-0 border-black\">\r\n\t\t\t\t\t\t<p>*Region<\/p>\r\n\t\t\t\t\t<\/div>\r\n\t\t\t\t\t<div class=\"fondo_blanco w-100 rounded-bottom-2 border border-top-0 border-black\">\r\n\t\t\t\t\t\t<input type=\"text\" id=\"region\" name=\"region\" placeholder=\"\" class=\"input\">\r\n\t\t\t\t\t<\/div>\r\n\t\t\t\t<\/div>\r\n\t\t\t\t<div class=\"col-md-3 col-12 my-3 my-md-2\">\r\n\t\t\t\t\t<div class=\"fondo_azul py-3 ps-3 w-100 rounded-top-2 border border-bottom-0 border-black\">\r\n\t\t\t\t\t\t<p>*Sector<\/p>\r\n\t\t\t\t\t<\/div>\r\n\t\t\t\t\t<div class=\"fondo_blanco w-100 rounded-bottom-2 border border-top-0 border-black\">\r\n\t\t\t\t\t\t<input type=\"text\" id=\"sector\" name=\"sector\" placeholder=\"\" class=\"input\">\r\n\t\t\t\t\t<\/div>\r\n\t\t\t\t<\/div>\r\n\t\t\t\t<div class=\"col-md-3 col-12 my-3 my-md-2\">\r\n\t\t\t\t\t<div class=\"fondo_azul py-3 ps-3 w-100 rounded-top-2 border border-bottom-0 border-black\">\r\n\t\t\t\t\t\t<p>*Reparto<\/p>\r\n\t\t\t\t\t<\/div>\r\n\t\t\t\t\t<div class=\"fondo_blanco w-100 rounded-bottom-2 border border-top-0 border-black\">\r\n\t\t\t\t\t\t<input type=\"text\" id=\"reparto\" name=\"reparto\" placeholder=\"\" class=\"input\">\r\n\t\t\t\t\t<\/div>\r\n\t\t\t\t<\/div>\r\n\t\t\t<\/div>\r\n\t\t\t<div class=\"my-5\"><\/div>\r\n\t\t\t<p class=\"fw-bolder mb-4\">Datos del Solicitante:<\/p>\r\n\t\t\t<div class=\"row my-3 my-md-2\">\r\n\t\t\t\t<div class=\"col-md-4 col-12 pe-md-0\">\r\n\t\t\t\t\t<div class=\"fondo_azul py-3 ps-3 w-100 rounded-md-start-4 border border-md-end-0 border-black\">\r\n\t\t\t\t\t\t<p>*Nombre:<\/p>\r\n\t\t\t\t\t<\/div>\r\n\t\t\t\t<\/div>\r\n\t\t\t\t<div class=\"col-md-8 col-12 ps-md-0 d-flex align-items-stretch\">\r\n\t\t\t\t\t<div class=\"fondo_blanco w-100 rounded-md-end-4 border border-md-start-0 border-black\">\r\n\t\t\t\t\t\t<input type=\"text\" id=\"nombre\" name=\"nombre\" placeholder=\"Nombre del Solicitante\" class=\"input\">\r\n\t\t\t\t\t<\/div>\r\n\t\t\t\t<\/div>\r\n\t\t\t<\/div>\r\n\t\t\t<div class=\"row my-3 my-md-2\">\r\n\t\t\t\t<div class=\"col-md-4 col-12 pe-md-0\">\r\n\t\t\t\t\t<div class=\"fondo_azul py-3 ps-3 w-100 rounded-md-start-4 border border-md-end-0 border-black\">\r\n\t\t\t\t\t\t<p>*Correo Electr\u00f3nico:<\/p>\r\n\t\t\t\t\t<\/div>\r\n\t\t\t\t<\/div>\r\n\t\t\t\t<div class=\"col-md-8 col-12 ps-md-0 d-flex align-items-stretch\">\r\n\t\t\t\t\t<div class=\"fondo_blanco w-100 rounded-md-end-4 border border-md-start-0 border-black\">\r\n\t\t\t\t\t\t<input type=\"email\" id=\"correo_electronico\" name=\"correo_electronico\" placeholder=\"Correo Electr\u00f3nico\" class=\"input\">\r\n\t\t\t\t\t<\/div>\r\n\t\t\t\t<\/div>\r\n\t\t\t<\/div>\r\n\t\t\t<div class=\"row my-3 my-md-2\">\r\n\t\t\t\t<div class=\"col-md-4 col-12 pe-md-0\">\r\n\t\t\t\t\t<div class=\"fondo_azul py-3 ps-3 w-100 rounded-md-start-4 border border-md-end-0 border-black\">\r\n\t\t\t\t\t\t<p>*Tel\u00e9fono:<\/p>\r\n\t\t\t\t\t<\/div>\r\n\t\t\t\t<\/div>\r\n\t\t\t\t<div class=\"col-md-8 col-12 ps-md-0 d-flex align-items-stretch\">\r\n\t\t\t\t\t<div class=\"fondo_blanco w-100 rounded-md-end-4 border border-md-start-0 border-black\">\r\n\t\t\t\t\t\t<input type=\"tel\" id=\"telefono\" name=\"telefono\" placeholder=\"Tel\u00e9fono\" class=\"input\">\r\n\t\t\t\t\t<\/div>\r\n\t\t\t\t<\/div>\r\n\t\t\t\t<legend class=\"legend my-4\">Los campos con el s\u00edmbolo \" * \", son obligatorios de capturar.<br>\r\n\t\t\t\t\tAntes de enviar, favor de corroborar que su informaci\u00f3n sea correcta.<\/legend>\r\n\t\t\t<\/div>\r\n\t\t\t<div>\r\n\t\t\t\t<button class=\"button\" type=\"submit\">Enviar Solicitud<\/button>\r\n\t\t\t<\/div>\r\n\t\t<\/div>\r\n\t<\/form>\r\n\t<div class=\"p-5\">\r\n\t\t<p class=\"text-center\">Cualquier duda comunicarse al Departamento de Atenci\u00f3n a Usuarios al tel\u00e9fono 462 60 69 100 Ext. 160 en horario de oficina y con gusto le ayudaremos<\/p>\r\n\t<\/div>\r\n    <\/section>\r\n\t<script>\r\n\t\tdocument.getElementById('form_suspension_voluntaria').addEventListener('submit', function(event) {\r\n\t\t\tevent.preventDefault(); \/\/ Evita que el formulario se env\u00ede autom\u00e1ticamente\r\n\r\n\t\t\tvar cuenta = document.getElementById('cuenta').value;\r\n\t\t\tvar region = document.getElementById('region').value;\r\n\t\t\tvar sector = document.getElementById('sector').value;\r\n\t\t\tvar reparto = document.getElementById('reparto').value;\r\n\t\t\tvar nombre = document.getElementById('nombre').value;\r\n\t\t\tvar correoElectronico = document.getElementById('correo_electronico').value;\r\n\t\t\tvar telefono = document.getElementById('telefono').value;\r\n\r\n\t\t\tconsole.log('Cuenta:', cuenta);\r\n\t\t\tconsole.log('Regi\u00f3n:', region);\r\n\t\t\tconsole.log('Sector:', sector);\r\n\t\t\tconsole.log('Reparto:', reparto);\r\n\t\t\tconsole.log('Nombre:', nombre);\r\n\t\t\tconsole.log('Correo Electr\u00f3nico:', correoElectronico);\r\n\t\t\tconsole.log('Tel\u00e9fono:', telefono);\r\n\t\t});\r\n\t<\/script>\r\n\t<\/div>\n\t\t\t\t\t\t<\/div>\n\t\t\t\t<\/div>\n\t\t\t\t\t<\/div>\n\t\t\t\t<\/div>\n\t\t\t\t<\/div>\n\t\t","protected":false},"excerpt":{"rendered":"","protected":false},"author":1,"featured_media":0,"parent":0,"menu_order":0,"comment_status":"closed","ping_status":"closed","template":"elementor_header_footer","meta":{"footnotes":""},"class_list":["post-864","page","type-page","status-publish","hentry"],"_links":{"self":[{"href":"https:\/\/www.japami.gob.mx\/index.php\/wp-json\/wp\/v2\/pages\/864","targetHints":{"allow":["GET"]}}],"collection":[{"href":"https:\/\/www.japami.gob.mx\/index.php\/wp-json\/wp\/v2\/pages"}],"about":[{"href":"https:\/\/www.japami.gob.mx\/index.php\/wp-json\/wp\/v2\/types\/page"}],"author":[{"embeddable":true,"href":"https:\/\/www.japami.gob.mx\/index.php\/wp-json\/wp\/v2\/users\/1"}],"replies":[{"embeddable":true,"href":"https:\/\/www.japami.gob.mx\/index.php\/wp-json\/wp\/v2\/comments?post=864"}],"version-history":[{"count":4,"href":"https:\/\/www.japami.gob.mx\/index.php\/wp-json\/wp\/v2\/pages\/864\/revisions"}],"predecessor-version":[{"id":868,"href":"https:\/\/www.japami.gob.mx\/index.php\/wp-json\/wp\/v2\/pages\/864\/revisions\/868"}],"wp:attachment":[{"href":"https:\/\/www.japami.gob.mx\/index.php\/wp-json\/wp\/v2\/media?parent=864"}],"curies":[{"name":"wp","href":"https:\/\/api.w.org\/{rel}","templated":true}]}}