{"id":755,"date":"2024-08-02T19:36:48","date_gmt":"2024-08-02T19:36:48","guid":{"rendered":"https:\/\/site.japami.gob.mx\/?page_id=755"},"modified":"2024-08-02T19:38:58","modified_gmt":"2024-08-02T19:38:58","slug":"seguimiento-por-folio","status":"publish","type":"page","link":"https:\/\/www.japami.gob.mx\/index.php\/seguimiento-por-folio\/","title":{"rendered":"Seguimiento por Folio"},"content":{"rendered":"\t\t<div data-elementor-type=\"wp-page\" data-elementor-id=\"755\" class=\"elementor elementor-755\" data-elementor-post-type=\"page\">\n\t\t\t\t<div class=\"elementor-element elementor-element-7e6a1ad e-flex e-con-boxed e-con e-parent\" data-id=\"7e6a1ad\" data-element_type=\"container\" data-e-type=\"container\">\n\t\t\t\t\t<div class=\"e-con-inner\">\n\t\t\t\t<div class=\"elementor-element elementor-element-9034a77 elementor-widget elementor-widget-shortcode\" data-id=\"9034a77\" data-element_type=\"widget\" data-e-type=\"widget\" data-widget_type=\"shortcode.default\">\n\t\t\t\t<div class=\"elementor-widget-container\">\n\t\t\t\t\t\t\t<div class=\"elementor-shortcode\">\t<section class=\"container my-5\">\r\n\t<form id=\"form_seguimiento_folio\" action=\"\">\r\n\t\t<p class=\"px-md-5 mb-md-4 mb-3 px-3\">Una vez que has realizado alg\u00fan reporte al 073, ya sea por medio de llamada telef\u00f3nica o por medio de la p\u00e1gina web, puedes realizar \r\n\t\t\tun seguimiento puntual de las respuestas y trabajos realizados. Solamente debes consultar el folio que te entregaron al momento de \r\n\t\t\tlevantar tu reporte.<\/p>\r\n\t\t<div class=\"fondo_gris p-5\">\r\n\t\t\t<p class=\"fw-bolder\">Seguimiento por Folio<\/p>\r\n\t\t\t<div class=\"row\">\r\n\t\t\t\t<div class=\"col-12 col-md-10\">\r\n\t\t\t\t\t<div class=\"row my-3 my-md-2\">\r\n\t\t\t\t\t\t<div class=\"col-md-4 col-12 pe-md-0\">\r\n\t\t\t\t\t\t\t<div class=\"fondo_azul py-3 ps-3 w-100 rounded-md-start-4 border border-md-end-0 border-black\">\r\n\t\t\t\t\t\t\t\t<p>*Folio:<\/p>\r\n\t\t\t\t\t\t\t<\/div>\r\n\t\t\t\t\t\t<\/div>\r\n\t\t\t\t\t\t<div class=\"col-md-8 col-12 ps-md-0 d-flex align-items-stretch\">\r\n\t\t\t\t\t\t\t<div class=\"fondo_blanco w-100 rounded-md-end-4 border border-md-start-0 border-black\">\r\n\t\t\t\t\t\t\t\t<input type=\"text\" id=\"folio\" name=\"folio\" placeholder=\"Ingrese el n\u00famero de folio\" class=\"input\">\r\n\t\t\t\t\t\t\t<\/div>\r\n\t\t\t\t\t\t<\/div>\r\n\t\t\t\t\t<\/div>\r\n\t\t\t\t<\/div>\r\n\t\t\t\t<div class=\"col-md-2 col-12 d-md-flex align-items-md-center\">\r\n\t\t\t\t\t<button class=\"button\" type=\"submit\">Consultar Folio<\/button>\r\n\t\t\t\t<\/div>\r\n\t\t\t<\/div>\r\n\t\t<\/div>\r\n\t\t<div class=\"p-5\">\r\n\t\t\t<legend class=\"legend\">Los campos con el s\u00edmbolo \u201c * \u201c, son obligatorios de capturar.<\/legend>\r\n\t\t<\/div>\r\n\t<\/form>\r\n    <\/section>\r\n\t<script>\r\n\t\tdocument.getElementById('form_seguimiento_folio').addEventListener('submit', function(event) {\r\n\t\t\tevent.preventDefault(); \/\/ Evita que el formulario se env\u00ede autom\u00e1ticamente\r\n\r\n\t\t\tvar folio = document.getElementById('folio').value;\r\n\r\n\t\t\tconsole.log('Folio:', folio);\r\n\r\n\t\t\t\/\/ Aqu\u00ed puedes agregar m\u00e1s l\u00f3gica para manejar el valor obtenido\r\n\t\t});\r\n\t<\/script>\r\n\t<\/div>\n\t\t\t\t\t\t<\/div>\n\t\t\t\t<\/div>\n\t\t\t\t\t<\/div>\n\t\t\t\t<\/div>\n\t\t\t\t<\/div>\n\t\t","protected":false},"excerpt":{"rendered":"","protected":false},"author":1,"featured_media":0,"parent":0,"menu_order":0,"comment_status":"closed","ping_status":"closed","template":"elementor_header_footer","meta":{"footnotes":""},"class_list":["post-755","page","type-page","status-publish","hentry"],"_links":{"self":[{"href":"https:\/\/www.japami.gob.mx\/index.php\/wp-json\/wp\/v2\/pages\/755","targetHints":{"allow":["GET"]}}],"collection":[{"href":"https:\/\/www.japami.gob.mx\/index.php\/wp-json\/wp\/v2\/pages"}],"about":[{"href":"https:\/\/www.japami.gob.mx\/index.php\/wp-json\/wp\/v2\/types\/page"}],"author":[{"embeddable":true,"href":"https:\/\/www.japami.gob.mx\/index.php\/wp-json\/wp\/v2\/users\/1"}],"replies":[{"embeddable":true,"href":"https:\/\/www.japami.gob.mx\/index.php\/wp-json\/wp\/v2\/comments?post=755"}],"version-history":[{"count":10,"href":"https:\/\/www.japami.gob.mx\/index.php\/wp-json\/wp\/v2\/pages\/755\/revisions"}],"predecessor-version":[{"id":766,"href":"https:\/\/www.japami.gob.mx\/index.php\/wp-json\/wp\/v2\/pages\/755\/revisions\/766"}],"wp:attachment":[{"href":"https:\/\/www.japami.gob.mx\/index.php\/wp-json\/wp\/v2\/media?parent=755"}],"curies":[{"name":"wp","href":"https:\/\/api.w.org\/{rel}","templated":true}]}}