{"id":715,"date":"2024-08-02T19:24:40","date_gmt":"2024-08-02T19:24:40","guid":{"rendered":"https:\/\/site.japami.gob.mx\/?page_id=715"},"modified":"2025-12-01T16:19:02","modified_gmt":"2025-12-01T22:19:02","slug":"nuevo-reporte","status":"publish","type":"page","link":"https:\/\/www.japami.gob.mx\/index.php\/nuevo-reporte\/","title":{"rendered":"Nuevos Reporte"},"content":{"rendered":"\t\t<div data-elementor-type=\"wp-page\" data-elementor-id=\"715\" class=\"elementor elementor-715\" data-elementor-post-type=\"page\">\n\t\t\t\t<div class=\"elementor-element elementor-element-3fd7fd9 bloque-texto seccion1 e-flex e-con-boxed e-con e-parent\" data-id=\"3fd7fd9\" data-element_type=\"container\" data-e-type=\"container\">\n\t\t\t\t\t<div class=\"e-con-inner\">\n\t\t\t\t<div class=\"elementor-element elementor-element-fb7c75c elementor-widget elementor-widget-html\" data-id=\"fb7c75c\" data-element_type=\"widget\" data-e-type=\"widget\" data-widget_type=\"html.default\">\n\t\t\t\t<div class=\"elementor-widget-container\">\n\t\t\t\t\t<script>\r\njQuery(document).ready(function($) {\r\n    $('.boton_mostrar').click(function(event) {\r\n        event.preventDefault(); \/\/ Evita el comportamiento predeterminado del enlace\r\n\r\n        \/\/ Desplaza la p\u00e1gina hasta la parte superior\r\n        $('html, body').animate({ scrollTop: 0 }, 'fast');\r\n\r\n        var s = $(this).attr('bloque'); \/\/ Obtiene el valor del atributo 'bloque' del elemento clicado\r\n        var $bloqueTexto = $('.' + s); \/\/ Selecciona el elemento espec\u00edfico relacionado con el bot\u00f3n clicado\r\n\r\n        \/\/ Verifica si el elemento est\u00e1 visible o no\r\n        if ($bloqueTexto.is(':visible')) {\r\n            \/\/ Si est\u00e1 visible, lo oculta\r\n            $bloqueTexto.slideUp();\r\n        } else {\r\n            \/\/ Si no est\u00e1 visible, oculta todos los elementos con la clase 'bloque-texto'\r\n            \/\/ y luego muestra el elemento espec\u00edfico con una animaci\u00f3n de deslizamiento\r\n            $('.bloque-texto').slideUp();\r\n            $bloqueTexto.slideDown();\r\n        }\r\n    });\r\n});\r\n\r\n<\/script>\t\t\t\t<\/div>\n\t\t\t\t<\/div>\n\t\t\t\t<div class=\"elementor-element elementor-element-422f454 elementor-widget elementor-widget-shortcode\" data-id=\"422f454\" data-element_type=\"widget\" data-e-type=\"widget\" data-widget_type=\"shortcode.default\">\n\t\t\t\t<div class=\"elementor-widget-container\">\n\t\t\t\t\t\t\t<div class=\"elementor-shortcode\"><!--[formulario_reporteP]--><\/div>\n\t\t\t\t\t\t<\/div>\n\t\t\t\t<\/div>\n\t\t\t\t\t<\/div>\n\t\t\t\t<\/div>\n\t\t<div class=\"elementor-element elementor-element-9d9d16d bloque-texto seccion2 elementor-hidden-desktop elementor-hidden-tablet elementor-hidden-mobile e-flex e-con-boxed e-con e-parent\" data-id=\"9d9d16d\" data-element_type=\"container\" data-e-type=\"container\">\n\t\t\t\t\t<div class=\"e-con-inner\">\n\t\t\t\t<div class=\"elementor-element elementor-element-f41612b elementor-widget elementor-widget-shortcode\" data-id=\"f41612b\" data-element_type=\"widget\" data-e-type=\"widget\" data-widget_type=\"shortcode.default\">\n\t\t\t\t<div class=\"elementor-widget-container\">\n\t\t\t\t\t\t\t<div class=\"elementor-shortcode\">\t<section class=\"container my-5\">\r\n\t\t <form id=\"form_reporte\" action=\"\">\r\n\t\t\t<div class=\"p-5 fondo_gris\">\r\n\t\t\t\t<p class=\"fw-bolder mb-4\">Domicilio del Reporte<\/p>\r\n\t\t\t\t<ul class=\"p-0 ps-md-5\">\r\n\t\t\t\t\t<li>\r\n\t\t\t\t\t\tLa siguiente informaci\u00f3n se usar\u00e1 para registrar el reporte, por si fuera necesario realizar una visita\r\n\t\t\t\t\t<\/li>\r\n\t\t\t\t<\/ul>\r\n\t\t\t\t<div class=\"row my-3 my-md-2\">\r\n\t\t\t\t\t<div class=\"col-md-4 col-12 pe-md-0\">\r\n\t\t\t\t\t\t<div class=\"fondo_azul py-3 ps-3 w-100 rounded-md-start-4 border border-md-end-0 border-black\">\r\n\t\t\t\t\t\t\t<p>*Colonia<\/p>\r\n\t\t\t\t\t\t<\/div>\r\n\t\t\t\t\t<\/div>\r\n\t\t\t\t\t<div class=\"col-md-8 col-12 ps-md-0 d-flex align-items-stretch\">\r\n\t\t\t\t\t\t<div class=\"fondo_blanco w-100 rounded-md-end-4 border border-md-start-0 border-black\">\r\n\t\t\t\t\t\t\t<select name=\"colonia\" id=\"colonia\" class=\"select\">\r\n\t\t\t\t\t\t\t\t<option value=\"\">-<\/option>\r\n\t\t\t\t\t\t\t\t<option value=\"opcion1\">Opci\u00f3n 1<\/option>\r\n\t\t\t\t\t\t\t\t<option value=\"opcion2\">Opci\u00f3n 2<\/option>\r\n\t\t\t\t\t\t\t\t<option value=\"opcion3\">Opci\u00f3n 3<\/option>\r\n\t\t\t\t\t\t\t\t<option value=\"opcion4\">Opci\u00f3n 4<\/option>\r\n\t\t\t\t\t\t\t<\/select>\r\n\t\t\t\t\t\t<\/div>\r\n\t\t\t\t\t<\/div>\r\n\t\t\t\t<\/div>\r\n\t\t\t\t<div class=\"row my-3 my-md-2\">\r\n\t\t\t\t\t<div class=\"col-md-4 col-12 pe-md-0\">\r\n\t\t\t\t\t\t<div class=\"fondo_azul py-3 ps-3 w-100 rounded-md-start-4 border border-md-end-0 border-black\">\r\n\t\t\t\t\t\t\t<p>*Calle<\/p>\r\n\t\t\t\t\t\t<\/div>\r\n\t\t\t\t\t<\/div>\r\n\t\t\t\t\t<div class=\"col-md-8 col-12 ps-md-0 d-flex align-items-stretch\">\r\n\t\t\t\t\t\t<div class=\"fondo_blanco w-100 rounded-md-end-4 border border-md-start-0 border-black\">\r\n\t\t\t\t\t\t\t<select name=\"calle\" id=\"calle\" class=\"select\">\r\n\t\t\t\t\t\t\t\t<option value=\"\">-<\/option>\r\n\t\t\t\t\t\t\t\t<option value=\"opcion1\">Opci\u00f3n 1<\/option>\r\n\t\t\t\t\t\t\t\t<option value=\"opcion2\">Opci\u00f3n 2<\/option>\r\n\t\t\t\t\t\t\t\t<option value=\"opcion3\">Opci\u00f3n 3<\/option>\r\n\t\t\t\t\t\t\t\t<option value=\"opcion4\">Opci\u00f3n 4<\/option>\r\n\t\t\t\t\t\t\t<\/select>\r\n\t\t\t\t\t\t<\/div>\r\n\t\t\t\t\t<\/div>\r\n\t\t\t\t<\/div>\r\n\t\t\t\t<div class=\"row my-3 my-md-2\">\r\n\t\t\t\t\t<div class=\"col-md-4 col-12 pe-md-0\">\r\n\t\t\t\t\t\t<div class=\"fondo_azul py-3 ps-3 w-100 rounded-md-start-4 border border-md-end-0 border-black\">\r\n\t\t\t\t\t\t\t<p>*N\u00famero<\/p>\r\n\t\t\t\t\t\t<\/div>\r\n\t\t\t\t\t<\/div>\r\n\t\t\t\t\t<div class=\"col-md-8 col-12 ps-md-0 d-flex align-items-stretch\">\r\n\t\t\t\t\t\t<div class=\"fondo_blanco w-100 rounded-md-end-4 border border-md-start-0 border-black\">\r\n\t\t\t\t\t\t\t<input type=\"text\" id=\"numero\" name=\"numero\" placeholder=\"N\u00famero\" class=\"input\">\r\n\t\t\t\t\t\t<\/div>\r\n\t\t\t\t\t<\/div>\r\n\t\t\t\t<\/div>\r\n\t\t\t\t<div class=\"row my-3 my-md-2\">\r\n\t\t\t\t\t<div class=\"col-md-4 col-12 pe-md-0\">\r\n\t\t\t\t\t\t<div class=\"fondo_azul py-3 ps-3 w-100 rounded-md-start-4 border border-md-end-0 border-black\">\r\n\t\t\t\t\t\t\t<p>*Referencia<\/p>\r\n\t\t\t\t\t\t<\/div>\r\n\t\t\t\t\t<\/div>\r\n\t\t\t\t\t<div class=\"col-md-8 col-12 ps-md-0 d-flex align-items-stretch\">\r\n\t\t\t\t\t\t<div class=\"fondo_blanco w-100 rounded-md-end-4 border border-md-start-0 border-black\">\r\n\t\t\t\t\t\t\t<input type=\"text\" id=\"referencia\" name=\"referencia\" placeholder=\"Referencia\" class=\"input\">\r\n\t\t\t\t\t\t<\/div>\r\n\t\t\t\t\t<\/div>\r\n\t\t\t\t<\/div>\r\n\t\t\t\t<div class=\"row my-3 my-md-2\">\r\n\t\t\t\t\t<div class=\"col-md-4 col-12 pe-md-0\">\r\n\t\t\t\t\t\t<div class=\"fondo_azul py-3 ps-3 w-100 rounded-md-start-4 border border-md-end-0 border-black\">\r\n\t\t\t\t\t\t\t<p>*Entre la Calle<\/p>\r\n\t\t\t\t\t\t<\/div>\r\n\t\t\t\t\t<\/div>\r\n\t\t\t\t\t<div class=\"col-md-8 col-12 ps-md-0 d-flex align-items-stretch\">\r\n\t\t\t\t\t\t<div class=\"fondo_blanco w-100 rounded-md-end-4 border border-md-start-0 border-black\">\r\n\t\t\t\t\t\t\t<input type=\"text\" id=\"entre_calle\" name=\"entre_calle\" placeholder=\"Entre la Calle\" class=\"input\">\r\n\t\t\t\t\t\t<\/div>\r\n\t\t\t\t\t<\/div>\r\n\t\t\t\t<\/div>\r\n\t\t\t\t<div class=\"row my-3 my-md-2\">\r\n\t\t\t\t\t<div class=\"col-md-4 col-12 pe-md-0\">\r\n\t\t\t\t\t\t<div class=\"fondo_azul py-3 ps-3 w-100 rounded-md-start-4 border border-md-end-0 border-black\">\r\n\t\t\t\t\t\t\t<p>*Y la calle<\/p>\r\n\t\t\t\t\t\t<\/div>\r\n\t\t\t\t\t<\/div>\r\n\t\t\t\t\t<div class=\"col-md-8 col-12 ps-md-0 d-flex align-items-stretch\">\r\n\t\t\t\t\t\t<div class=\"fondo_blanco w-100 rounded-md-end-4 border border-md-start-0 border-black\">\r\n\t\t\t\t\t\t\t<input type=\"text\" id=\"y_calle\" name=\"y_calle\" placeholder=\"Y la calle\" class=\"input\">\r\n\t\t\t\t\t\t<\/div>\r\n\t\t\t\t\t<\/div>\r\n\t\t\t\t<\/div>\r\n\t\t\t\t<legend class=\"legend\">Los campos con el s\u00edmbolo * son obligatorios de capturar<\/legend>\r\n\t\t\t<\/div>\r\n\t\t\t<div class=\"p-5 fondo_gris my-4\">\r\n\t\t\t\t<p class=\"fw-bolder mb-4\">Datos del Reporte<\/p>\r\n\t\t\t\t<ul class=\"p-0 ps-md-5\">\r\n\t\t\t\t\t<li>\r\n\t\t\t\t\t\tPara atender m\u00e1s eficientemente tu reporte especifica exactamente el tipo de reporte\r\n\t\t\t\t\t<\/li>\r\n\t\t\t\t<\/ul>\r\n\t\t\t\t<div class=\"row my-3 my-md-2\">\r\n\t\t\t\t\t<div class=\"col-md-4 col-12 pe-md-0\">\r\n\t\t\t\t\t\t<div class=\"fondo_azul py-3 ps-3 w-100 rounded-md-start-4 border border-md-end-0 border-black\">\r\n\t\t\t\t\t\t\t<p>*Tipo de Reporte:<\/p>\r\n\t\t\t\t\t\t<\/div>\r\n\t\t\t\t\t<\/div>\r\n\t\t\t\t\t<div class=\"col-md-8 col-12 ps-md-0 d-flex align-items-stretch\">\r\n\t\t\t\t\t\t<div class=\"fondo_blanco w-100 rounded-md-end-4 border border-md-start-0 border-black\">\r\n\t\t\t\t\t\t\t<select name=\"tipo_reporte\" id=\"tipo_reporte\" class=\"select\">\r\n\t\t\t\t\t\t\t\t<option value=\"\">-<\/option>\r\n\t\t\t\t\t\t\t\t<option value=\"tipo1\">Tipo 1<\/option>\r\n\t\t\t\t\t\t\t\t<option value=\"tipo2\">Tipo 2<\/option>\r\n\t\t\t\t\t\t\t\t<option value=\"tipo3\">Tipo 3<\/option>\r\n\t\t\t\t\t\t\t\t<option value=\"tipo4\">Tipo 4<\/option>\r\n\t\t\t\t\t\t\t<\/select>\r\n\t\t\t\t\t\t<\/div>\r\n\t\t\t\t\t<\/div>\r\n\t\t\t\t<\/div>\r\n\t\t\t\t<div class=\"row my-3 my-md-2\">\r\n\t\t\t\t\t<div class=\"col-md-4 col-12 pe-md-0\">\r\n\t\t\t\t\t\t<div class=\"fondo_azul py-3 ps-3 w-100 rounded-md-start-4 border border-md-end-0 border-black\">\r\n\t\t\t\t\t\t\t<p>*Descripcion del problema<\/p>\r\n\t\t\t\t\t\t<\/div>\r\n\t\t\t\t\t<\/div>\r\n\t\t\t\t\t<div class=\"col-md-8 col-12 ps-md-0 d-flex align-items-stretch\">\r\n\t\t\t\t\t\t<div class=\"fondo_blanco w-100 rounded-md-end-4 border border-md-start-0 border-black\">\r\n\t\t\t\t\t\t\t<textarea name=\"descripcion_problema\" id=\"descripcion_problema\" class=\"textarea\" placeholder=\"Descripci\u00f3n del problema\"><\/textarea>\r\n\t\t\t\t\t\t<\/div>\r\n\t\t\t\t\t<\/div>\r\n\t\t\t\t<\/div>\r\n\t\t\t<\/div>\r\n\t\t\t<div class=\"p-5 fondo_gris my-4\">\r\n\t\t\t\t<p class=\"fw-bolder mb-4\">Datos de Contacto y Seguimiento<\/p>\r\n\t\t\t\t<div class=\"row my-3 my-md-2\">\r\n\t\t\t\t\t<div class=\"col-md-4 col-12 pe-md-0\">\r\n\t\t\t\t\t\t<div class=\"fondo_azul py-3 ps-3 w-100 rounded-md-start-4 border border-md-end-0 border-black\">\r\n\t\t\t\t\t\t\t<p>*Nombre de quien reporta:<\/p>\r\n\t\t\t\t\t\t<\/div>\r\n\t\t\t\t\t<\/div>\r\n\t\t\t\t\t<div class=\"col-md-8 col-12 ps-md-0 d-flex align-items-stretch\">\r\n\t\t\t\t\t\t<div class=\"fondo_blanco w-100 rounded-md-end-4 border border-md-start-0 border-black\">\r\n\t\t\t\t\t\t\t<input type=\"text\" id=\"nombre_reporta\" name=\"nombre_reporta\" placeholder=\"Nombre\" class=\"input\">\r\n\t\t\t\t\t\t<\/div>\r\n\t\t\t\t\t<\/div>\r\n\t\t\t\t<\/div>\r\n\t\t\t\t<div class=\"row my-3 my-md-2\">\r\n\t\t\t\t\t<div class=\"col-md-4 col-12 pe-md-0\">\r\n\t\t\t\t\t\t<div class=\"fondo_azul py-3 ps-3 w-100 rounded-md-start-4 border border-md-end-0 border-black\">\r\n\t\t\t\t\t\t\t<p>*Correo Electr\u00f3nico:<\/p>\r\n\t\t\t\t\t\t<\/div>\r\n\t\t\t\t\t<\/div>\r\n\t\t\t\t\t<div class=\"col-md-8 col-12 ps-md-0 d-flex align-items-stretch\">\r\n\t\t\t\t\t\t<div class=\"fondo_blanco w-100 rounded-md-end-4 border border-md-start-0 border-black\">\r\n\t\t\t\t\t\t\t<input type=\"email\" id=\"correo_electronico\" name=\"correo_electronico\" placeholder=\"Correo electr\u00f3nico\" class=\"input\">\r\n\t\t\t\t\t\t<\/div>\r\n\t\t\t\t\t<\/div>\r\n\t\t\t\t<\/div>\r\n\t\t\t\t<div class=\"row my-3 my-md-2\">\r\n\t\t\t\t\t<div class=\"col-md-4 col-12 pe-md-0\">\r\n\t\t\t\t\t\t<div class=\"fondo_azul py-3 ps-3 w-100 rounded-md-start-4 border border-md-end-0 border-black\">\r\n\t\t\t\t\t\t\t<p>*Tel\u00e9fono:<\/p>\r\n\t\t\t\t\t\t<\/div>\r\n\t\t\t\t\t<\/div>\r\n\t\t\t\t\t<div class=\"col-md-8 col-12 ps-md-0 d-flex align-items-stretch\">\r\n\t\t\t\t\t\t<div class=\"fondo_blanco w-100 rounded-md-end-4 border border-md-start-0 border-black\">\r\n\t\t\t\t\t\t\t<input type=\"tel\" id=\"telefono\" name=\"telefono\" placeholder=\"Tel\u00e9fono\" class=\"input\">\r\n\t\t\t\t\t\t<\/div>\r\n\t\t\t\t\t<\/div>\r\n\t\t\t\t<\/div>\r\n\t\t\t<\/div>\r\n\t\t\t<div class=\"p-5 row justify-content-between\">\r\n\t\t\t\t<p class=\"mb-4\">Los campos con el s\u00edmbolo \u201c * \u201d, son obligatorios de capturar. <br>\r\n\t\t\t\t\tAntes de <b>Enviar Reporte<\/b>, favor de corroborar que su informaci\u00f3n sea correcta.<\/p>\r\n\t\t\t\t<div class=\"col-6 col-md-4\">\r\n\t\t\t\t\t<button class=\"button_2 boton_mostrar bloque-texto seccion2\" bloque=\"seccion1\">Atr\u00e1s<\/button>\r\n\t\t\t\t<\/div>\r\n\t\t\t\t<div class=\"col-6 col-md-4 d-md-flex justify-content-md-end\">\r\n\t\t\t\t\t<button class=\"button\" type=\"submit\">Enviar Reporte<\/button>\r\n\t\t\t\t<\/div>\r\n\t\t\t<\/div>\r\n\t\t<\/form>\r\n    <\/section>\r\n<script>\r\n\tdocument.getElementById('form_reporte').addEventListener('submit', function(event) {\r\n\t\tevent.preventDefault(); \/\/ Evita que el formulario se env\u00ede autom\u00e1ticamente\r\n\r\n\t\tvar colonia = document.getElementById('colonia').value;\r\n\t\tvar calle = document.getElementById('calle').value;\r\n\t\tvar numero = document.getElementById('numero').value;\r\n\t\tvar referencia = document.getElementById('referencia').value;\r\n\t\tvar entreCalle = document.getElementById('entre_calle').value;\r\n\t\tvar yCalle = document.getElementById('y_calle').value;\r\n\t\tvar tipoReporte = document.getElementById('tipo_reporte').value;\r\n\t\tvar descripcionProblema = document.getElementById('descripcion_problema').value;\r\n\t\tvar nombreReporta = document.getElementById('nombre_reporta').value;\r\n\t\tvar correoElectronico = document.getElementById('correo_electronico').value;\r\n\t\tvar telefono = document.getElementById('telefono').value;\r\n\r\n\t\tconsole.log('Colonia:', colonia);\r\n\t\tconsole.log('Calle:', calle);\r\n\t\tconsole.log('N\u00famero:', numero);\r\n\t\tconsole.log('Referencia:', referencia);\r\n\t\tconsole.log('Entre la Calle:', entreCalle);\r\n\t\tconsole.log('Y la Calle:', yCalle);\r\n\t\tconsole.log('Tipo de Reporte:', tipoReporte);\r\n\t\tconsole.log('Descripci\u00f3n del problema:', descripcionProblema);\r\n\t\tconsole.log('Nombre de quien reporta:', nombreReporta);\r\n\t\tconsole.log('Correo Electr\u00f3nico:', correoElectronico);\r\n\t\tconsole.log('Tel\u00e9fono:', telefono);\r\n\r\n\t\t\/\/ Aqu\u00ed puedes agregar m\u00e1s l\u00f3gica para manejar los valores obtenidos\r\n\t});\r\n<\/script>\r\n\t<\/div>\n\t\t\t\t\t\t<\/div>\n\t\t\t\t<\/div>\n\t\t\t\t\t<\/div>\n\t\t\t\t<\/div>\n\t\t<div class=\"elementor-element elementor-element-50b5e4f e-con-full e-flex e-con e-parent\" data-id=\"50b5e4f\" data-element_type=\"container\" data-e-type=\"container\" data-settings=\"{&quot;position&quot;:&quot;fixed&quot;}\">\n\t\t\t\t<div class=\"elementor-element elementor-element-badb285 elementor-widget__width-initial elementor-hidden-desktop elementor-hidden-tablet elementor-hidden-mobile elementor-widget elementor-widget-image\" data-id=\"badb285\" data-element_type=\"widget\" data-e-type=\"widget\" data-widget_type=\"image.default\">\n\t\t\t\t<div class=\"elementor-widget-container\">\n\t\t\t\t\t\t\t\t\t\t\t\t\t\t\t\t<a href=\"http:\/\/[gen_url%20path=\/index.php\/tramites\/%5D\">\n\t\t\t\t\t\t\t<img fetchpriority=\"high\" decoding=\"async\" width=\"386\" height=\"152\" src=\"https:\/\/www.japami.gob.mx\/wp-content\/uploads\/2025\/07\/Evalua-servicio.png\" class=\"attachment-large size-large wp-image-2923\" alt=\"\" srcset=\"https:\/\/www.japami.gob.mx\/wp-content\/uploads\/2025\/07\/Evalua-servicio.png 386w, https:\/\/www.japami.gob.mx\/wp-content\/uploads\/2025\/07\/Evalua-servicio-300x118.png 300w\" sizes=\"(max-width: 386px) 100vw, 386px\" \/>\t\t\t\t\t\t\t\t<\/a>\n\t\t\t\t\t\t\t\t\t\t\t\t\t\t\t<\/div>\n\t\t\t\t<\/div>\n\t\t\t\t<div class=\"elementor-element elementor-element-6c106f0 elementor-widget__width-initial elementor-widget elementor-widget-image\" data-id=\"6c106f0\" data-element_type=\"widget\" data-e-type=\"widget\" data-widget_type=\"image.default\">\n\t\t\t\t<div class=\"elementor-widget-container\">\n\t\t\t\t\t\t\t\t\t\t\t\t\t\t\t\t<a href=\"https:\/\/online.japami.gob.mx\/web\/moduloonline\/consultar_recibo.aspx\">\n\t\t\t\t\t\t\t<img decoding=\"async\" width=\"800\" height=\"314\" src=\"https:\/\/www.japami.gob.mx\/wp-content\/uploads\/2025\/07\/Paga-aqui-tu-recibo-3@4x-1024x402.png\" class=\"attachment-large size-large wp-image-2903\" alt=\"\" srcset=\"https:\/\/www.japami.gob.mx\/wp-content\/uploads\/2025\/07\/Paga-aqui-tu-recibo-3@4x-1024x402.png 1024w, https:\/\/www.japami.gob.mx\/wp-content\/uploads\/2025\/07\/Paga-aqui-tu-recibo-3@4x-300x118.png 300w, https:\/\/www.japami.gob.mx\/wp-content\/uploads\/2025\/07\/Paga-aqui-tu-recibo-3@4x-768x301.png 768w, https:\/\/www.japami.gob.mx\/wp-content\/uploads\/2025\/07\/Paga-aqui-tu-recibo-3@4x-1536x602.png 1536w, https:\/\/www.japami.gob.mx\/wp-content\/uploads\/2025\/07\/Paga-aqui-tu-recibo-3@4x.png 1540w\" sizes=\"(max-width: 800px) 100vw, 800px\" \/>\t\t\t\t\t\t\t\t<\/a>\n\t\t\t\t\t\t\t\t\t\t\t\t\t\t\t<\/div>\n\t\t\t\t<\/div>\n\t\t\t\t<div class=\"elementor-element elementor-element-54732d0 elementor-widget__width-initial elementor-widget elementor-widget-image\" data-id=\"54732d0\" data-element_type=\"widget\" data-e-type=\"widget\" data-widget_type=\"image.default\">\n\t\t\t\t<div class=\"elementor-widget-container\">\n\t\t\t\t\t\t\t\t\t\t\t\t\t\t\t\t<a href=\"http:\/\/[gen_url%20path=\/index.php\/reportes-y-seguimientos%5D\">\n\t\t\t\t\t\t\t<img decoding=\"async\" width=\"386\" height=\"152\" src=\"https:\/\/www.japami.gob.mx\/wp-content\/uploads\/2025\/07\/Boton-genera-tu-reporte.png\" class=\"attachment-large size-large wp-image-2924\" alt=\"\" srcset=\"https:\/\/www.japami.gob.mx\/wp-content\/uploads\/2025\/07\/Boton-genera-tu-reporte.png 386w, https:\/\/www.japami.gob.mx\/wp-content\/uploads\/2025\/07\/Boton-genera-tu-reporte-300x118.png 300w\" sizes=\"(max-width: 386px) 100vw, 386px\" \/>\t\t\t\t\t\t\t\t<\/a>\n\t\t\t\t\t\t\t\t\t\t\t\t\t\t\t<\/div>\n\t\t\t\t<\/div>\n\t\t<div class=\"elementor-element elementor-element-9452a75 e-con-full buttons_japami e-flex e-con e-child\" data-id=\"9452a75\" data-element_type=\"container\" data-e-type=\"container\" data-settings=\"{&quot;background_background&quot;:&quot;gradient&quot;}\">\n\t\t\t\t<div class=\"elementor-element elementor-element-b2ae1ce elementor-widget__width-initial elementor-widget elementor-widget-image\" data-id=\"b2ae1ce\" data-element_type=\"widget\" data-e-type=\"widget\" data-widget_type=\"image.default\">\n\t\t\t\t<div class=\"elementor-widget-container\">\n\t\t\t\t\t\t\t\t\t\t\t\t\t\t\t\t<a href=\"http:\/\/[gen_url%20path=\/index.php\/avisos-de-privacidad\/%5D\">\n\t\t\t\t\t\t\t<img loading=\"lazy\" decoding=\"async\" width=\"386\" height=\"152\" src=\"https:\/\/www.japami.gob.mx\/wp-content\/uploads\/2025\/07\/AVISOS-DE-PRIVACIDAD-2.png\" class=\"attachment-large size-large wp-image-2937\" alt=\"\" srcset=\"https:\/\/www.japami.gob.mx\/wp-content\/uploads\/2025\/07\/AVISOS-DE-PRIVACIDAD-2.png 386w, https:\/\/www.japami.gob.mx\/wp-content\/uploads\/2025\/07\/AVISOS-DE-PRIVACIDAD-2-300x118.png 300w\" sizes=\"(max-width: 386px) 100vw, 386px\" \/>\t\t\t\t\t\t\t\t<\/a>\n\t\t\t\t\t\t\t\t\t\t\t\t\t\t\t<\/div>\n\t\t\t\t<\/div>\n\t\t\t\t<\/div>\n\t\t\t\t<\/div>\n\t\t\t\t<\/div>\n\t\t","protected":false},"excerpt":{"rendered":"","protected":false},"author":1,"featured_media":0,"parent":0,"menu_order":0,"comment_status":"closed","ping_status":"closed","template":"elementor_header_footer","meta":{"footnotes":""},"class_list":["post-715","page","type-page","status-publish","hentry"],"_links":{"self":[{"href":"https:\/\/www.japami.gob.mx\/index.php\/wp-json\/wp\/v2\/pages\/715","targetHints":{"allow":["GET"]}}],"collection":[{"href":"https:\/\/www.japami.gob.mx\/index.php\/wp-json\/wp\/v2\/pages"}],"about":[{"href":"https:\/\/www.japami.gob.mx\/index.php\/wp-json\/wp\/v2\/types\/page"}],"author":[{"embeddable":true,"href":"https:\/\/www.japami.gob.mx\/index.php\/wp-json\/wp\/v2\/users\/1"}],"replies":[{"embeddable":true,"href":"https:\/\/www.japami.gob.mx\/index.php\/wp-json\/wp\/v2\/comments?post=715"}],"version-history":[{"count":29,"href":"https:\/\/www.japami.gob.mx\/index.php\/wp-json\/wp\/v2\/pages\/715\/revisions"}],"predecessor-version":[{"id":3818,"href":"https:\/\/www.japami.gob.mx\/index.php\/wp-json\/wp\/v2\/pages\/715\/revisions\/3818"}],"wp:attachment":[{"href":"https:\/\/www.japami.gob.mx\/index.php\/wp-json\/wp\/v2\/media?parent=715"}],"curies":[{"name":"wp","href":"https:\/\/api.w.org\/{rel}","templated":true}]}}