{"id":3619,"date":"2025-10-17T12:59:20","date_gmt":"2025-10-17T18:59:20","guid":{"rendered":"https:\/\/site.japami.gob.mx\/?page_id=3619"},"modified":"2025-10-21T08:31:13","modified_gmt":"2025-10-21T14:31:13","slug":"politica-de-cookies","status":"publish","type":"page","link":"https:\/\/www.japami.gob.mx\/index.php\/politica-de-cookies\/","title":{"rendered":"Pol\u00edtica de Cookies"},"content":{"rendered":"\n<h2 class=\"wp-block-heading\"><strong>POL\u00cdTICA DE COOKIES<\/strong><\/h2>\n\n\n\n<p>La Junta de Agua Potable, Drenaje, Alcantarillado y Saneamiento del Municipio de Irapuato, Gto. (JAPAMI), con domicilio en Prolongaci\u00f3n, Av. Juan Jos\u00e9 Torres Landa #1720, Fraccionamiento Independencia, 36559 Irapuato, Gto., y responsable del sitio web www.japami.gob.mx, utiliza cookies y otras tecnolog\u00edas similares para mejorar su experiencia de navegaci\u00f3n, analizar el rendimiento del Sitio y ofrecer contenidos y servicios personalizados.<\/p>\n\n\n\n<h3 class=\"wp-block-heading\">\u00bfQu\u00e9 son las Cookies?<\/h3>\n\n\n\n<p>Las Cookies son peque\u00f1os archivos de texto que se almacenan en el dispositivo del usuario (computadora, tel\u00e9fono inteligente, tableta, etc.) al visitar un sitio web. Estos archivos contienen informaci\u00f3n sobre la navegaci\u00f3n del usuario que puede ser recuperada posteriormente por el servidor que las instal\u00f3.<\/p>\n\n\n\n<p>Las Cookies se utilizan principalmente para:<\/p>\n\n\n\n<ul class=\"wp-block-list\">\n<li>Permitir que el Sitio funcione correctamente (Cookies t\u00e9cnicas).<\/li>\n\n\n\n<li>Almacenar temporalmente las preferencias del usuario, como el idioma o la zona geogr\u00e1fica (Cookies de preferencias).<\/li>\n\n\n\n<li>Recopilar informaci\u00f3n estad\u00edstica para analizar c\u00f3mo los usuarios utilizan el Sitio (Cookies de an\u00e1lisis).<\/li>\n\n\n\n<li>Gestionar y mostrar publicidad (Cookies de publicidad\/marketing).<\/li>\n<\/ul>\n\n\n\n<h3 class=\"wp-block-heading\">Tipos de Cookies utilizadas por JAPAMI<\/h3>\n\n\n\n<p>El Sitio de JAPAMI puede utilizar los siguientes tipos de Cookies:<\/p>\n\n\n\n<figure class=\"wp-block-table\"><table class=\"has-fixed-layout\"><thead><tr><td><strong>Tipo de Cookie<\/strong><\/td><td><strong>Finalidad T\u00edpica en JAPAMI<\/strong><\/td><td><strong>\u00bfSon Propias o de Terceros?<\/strong><\/td><td><strong>Duraci\u00f3n T\u00edpica<\/strong><\/td><\/tr><\/thead><tbody><tr><td><strong>Cookies T\u00e9cnicas\/Esenciales<\/strong><\/td><td>Necesarias para la navegaci\u00f3n y el buen funcionamiento del Sitio. Permiten, por ejemplo, el control del tr\u00e1fico y la comunicaci\u00f3n de datos, la identificaci\u00f3n de la sesi\u00f3n o el acceso a \u00e1reas restringidas (pago en l\u00ednea, tr\u00e1mites).<\/td><td>Propias<\/td><td>Sesi\u00f3n\/Persistentes (cortas)<\/td><\/tr><tr><td><strong>Cookies de Preferencias<\/strong><\/td><td>Permiten recordar informaci\u00f3n para que el usuario acceda al servicio con ciertas caracter\u00edsticas que pueden diferenciar su experiencia de la de otros usuarios, como el idioma o el tipo de navegador.<\/td><td>Propias<\/td><td>Persistentes<\/td><\/tr><tr><td><strong>Cookies de An\u00e1lisis\/Medici\u00f3n<\/strong><\/td><td>Permiten al responsable de las mismas el seguimiento y an\u00e1lisis del comportamiento de los usuarios del Sitio. La informaci\u00f3n recogida se utiliza en la medici\u00f3n de la actividad para introducir mejoras basadas en el an\u00e1lisis de los datos de uso.<\/td><td>Terceros (Ej. Google Analytics)<\/td><td>Persistentes<\/td><\/tr><tr><td><strong>Cookies de Marketing\/Publicidad<\/strong><\/td><td>Podr\u00edan utilizarse para gestionar la publicidad que se muestra en el Sitio o en otras plataformas, haciendo la publicidad m\u00e1s relevante para el usuario.<\/td><td>Terceros<\/td><td>Persistentes<\/td><\/tr><\/tbody><\/table><\/figure>\n\n\n\n<p>El listado y las duraciones son enunciativos. Para obtener un listado detallado y actualizado de las Cookies espec\u00edficas que se usan, el usuario puede consultar la herramienta de gesti\u00f3n de Cookies del Sitio.<\/p>\n\n\n\n<h3 class=\"wp-block-heading\">Base Legal para el Uso de Cookies<\/h3>\n\n\n\n<p>De acuerdo con la legislaci\u00f3n mexicana, el uso de Cookies es una forma de tratamiento de datos personales, por lo que requerimos el <strong>consentimiento expreso<\/strong> del usuario para la instalaci\u00f3n de aquellas Cookies que no sean estrictamente necesarias para la prestaci\u00f3n del servicio.<\/p>\n\n\n\n<p>El usuario puede gestionar sus preferencias y otorgar o retirar su consentimiento a trav\u00e9s del <strong>Aviso de Cookies<\/strong> o del <strong>Panel de Configuraci\u00f3n de Cookies<\/strong> disponible en el Sitio.<\/p>\n\n\n\n<p>Las Cookies T\u00e9cnicas\/Esenciales no requieren el consentimiento, ya que son indispensables para el funcionamiento b\u00e1sico del Sitio.<\/p>\n\n\n\n<h3 class=\"wp-block-heading\">Gesti\u00f3n de Cookies y Revocaci\u00f3n del Consentimiento<\/h3>\n\n\n\n<p>El usuario puede en cualquier momento aceptar, rechazar o configurar el uso de Cookies del Sitio a trav\u00e9s de:<\/p>\n\n\n\n<ol start=\"1\" class=\"wp-block-list\">\n<li><strong>El Panel de Configuraci\u00f3n de Cookies:<\/strong> [Incluir enlace o indicar d\u00f3nde se encuentra la opci\u00f3n de configuraci\u00f3n, usualmente en el pie de p\u00e1gina o en el aviso inicial].<\/li>\n\n\n\n<li><strong>La configuraci\u00f3n del navegador:<\/strong> El usuario puede permitir, bloquear o eliminar las cookies instaladas en su equipo mediante la configuraci\u00f3n de las opciones del navegador que utilice.<\/li>\n<\/ol>\n\n\n\n<p>A continuaci\u00f3n, se indican los enlaces a la configuraci\u00f3n de cookies de los navegadores m\u00e1s comunes:<\/p>\n\n\n\n<ul class=\"wp-block-list\">\n<li><strong>Google Chrome:<\/strong> <a href=\"https:\/\/support.google.com\/chrome\/?\">https:\/\/support.google.com\/chrome\/<\/a><\/li>\n\n\n\n<li><strong>Mozilla Firefox:<\/strong> <a href=\"https:\/\/support.mozilla.org\/\">https:\/\/support.mozilla.org\/<\/a><\/li>\n\n\n\n<li><strong>Internet Explorer:<\/strong> <a href=\"https:\/\/support.microsoft.com\/es-es\/microsoft-edge\">https:\/\/support.microsoft.com\/es-es\/microsoft-edge<\/a><\/li>\n\n\n\n<li><strong>Safari:<\/strong> <a href=\"https:\/\/support.apple.com\/es-es\/safari\">https:\/\/support.apple.com\/es-es\/safari<\/a><\/li>\n<\/ul>\n\n\n\n<p><strong>Advertencia sobre la eliminaci\u00f3n o bloqueo de Cookies:<\/strong> Si el usuario decide bloquear o deshabilitar las Cookies (excepto las T\u00e9cnicas\/Esenciales), es posible que algunos servicios del Sitio no est\u00e9n disponibles o que el funcionamiento del Sitio se vea afectado o limitado.<\/p>\n\n\n\n<h3 class=\"wp-block-heading\">Transferencia de Datos<\/h3>\n\n\n\n<p>Las Cookies de Terceros implican que la informaci\u00f3n recopilada ser\u00e1 gestionada por dichas entidades (por ejemplo, Google en el caso de Google Analytics). JAPAMI no se hace responsable del contenido y veracidad de las pol\u00edticas de privacidad y cookies de estos terceros. El usuario puede consultar sus pol\u00edticas en los enlaces proporcionados en sus respectivos sitios web.<\/p>\n\n\n\n<h3 class=\"wp-block-heading\">M\u00e1s Informaci\u00f3n<\/h3>\n\n\n\n<p>Para obtener m\u00e1s informaci\u00f3n sobre el tratamiento de sus datos personales y sus derechos (Acceso, Rectificaci\u00f3n, Cancelaci\u00f3n y Oposici\u00f3n &#8211; Derechos ARCO), puede consultar nuestro <strong>Aviso de Privacidad Integral<\/strong> en el siguiente enlace: <a href=\"https:\/\/site.japami.gob.mx\/index.php\/politica-de-privacidad\/\">https:\/\/japami.gob.mx\/index.php\/politica-de-privacidad\/<\/a>.<\/p>\n\n\n\n<h3 class=\"wp-block-heading\">Actualizaciones de la Pol\u00edtica de Cookies<\/h3>\n\n\n\n<p>Esta Pol\u00edtica de Cookies podr\u00e1 ser modificada o actualizada en cualquier momento en funci\u00f3n de cambios legislativos o por la adici\u00f3n de nuevas cookies al Sitio. Por ello, se recomienda al usuario revisar peri\u00f3dicamente esta Pol\u00edtica.<\/p>\n\n\n\n<p>Fecha de la \u00faltima actualizaci\u00f3n: 17 de Octubre de 2025<\/p>\n","protected":false},"excerpt":{"rendered":"<p>POL\u00cdTICA DE COOKIES La Junta de Agua Potable, Drenaje, Alcantarillado y Saneamiento del Municipio de Irapuato, Gto. (JAPAMI), con domicilio en Prolongaci\u00f3n, Av. Juan Jos\u00e9 Torres Landa #1720, Fraccionamiento Independencia, 36559 Irapuato, Gto., y responsable del sitio web www.japami.gob.mx, utiliza cookies y otras tecnolog\u00edas similares para mejorar su experiencia de navegaci\u00f3n, analizar el rendimiento del [&hellip;]<\/p>\n","protected":false},"author":1,"featured_media":0,"parent":0,"menu_order":0,"comment_status":"closed","ping_status":"closed","template":"","meta":{"footnotes":""},"class_list":["post-3619","page","type-page","status-publish","hentry"],"_links":{"self":[{"href":"https:\/\/www.japami.gob.mx\/index.php\/wp-json\/wp\/v2\/pages\/3619","targetHints":{"allow":["GET"]}}],"collection":[{"href":"https:\/\/www.japami.gob.mx\/index.php\/wp-json\/wp\/v2\/pages"}],"about":[{"href":"https:\/\/www.japami.gob.mx\/index.php\/wp-json\/wp\/v2\/types\/page"}],"author":[{"embeddable":true,"href":"https:\/\/www.japami.gob.mx\/index.php\/wp-json\/wp\/v2\/users\/1"}],"replies":[{"embeddable":true,"href":"https:\/\/www.japami.gob.mx\/index.php\/wp-json\/wp\/v2\/comments?post=3619"}],"version-history":[{"count":2,"href":"https:\/\/www.japami.gob.mx\/index.php\/wp-json\/wp\/v2\/pages\/3619\/revisions"}],"predecessor-version":[{"id":3634,"href":"https:\/\/www.japami.gob.mx\/index.php\/wp-json\/wp\/v2\/pages\/3619\/revisions\/3634"}],"wp:attachment":[{"href":"https:\/\/www.japami.gob.mx\/index.php\/wp-json\/wp\/v2\/media?parent=3619"}],"curies":[{"name":"wp","href":"https:\/\/api.w.org\/{rel}","templated":true}]}}