{"id":3611,"date":"2025-10-17T08:25:49","date_gmt":"2025-10-17T14:25:49","guid":{"rendered":"https:\/\/site.japami.gob.mx\/?page_id=3611"},"modified":"2025-10-21T08:31:11","modified_gmt":"2025-10-21T14:31:11","slug":"politica-de-privacidad","status":"publish","type":"page","link":"https:\/\/www.japami.gob.mx\/index.php\/politica-de-privacidad\/","title":{"rendered":"POL\u00cdTICA DE PRIVACIDAD."},"content":{"rendered":"\n<h2 class=\"wp-block-heading\"><strong>POL\u00cdTICA DE PRIVACIDAD.<\/strong><\/h2>\n\n\n\n<p>La Junta de Agua Potable, Drenaje, Alcantarillado y Saneamiento del Municipio de Irapuato proteger\u00e1 sus datos personales proporcionados a trav\u00e9s del portal https:\/\/www.japami.gob.mx. Por esta raz\u00f3n, a trav\u00e9s del presente da a conocer a sus usuarios las siguientes pol\u00edticas, basadas en la normatividad vigente aplicable a la protecci\u00f3n de datos personales. En t\u00e9rminos de lo previsto en la Ley General de Protecci\u00f3n de Datos en Posesi\u00f3n de Sujetos Obligados en los art\u00edculos 1, 3 fracci\u00f3n II, 27 y 28, la Junta de Agua Potable, Drenaje, Alcantarillado y Saneamiento del Municipio de Irapuato expide el siguiente Aviso de Privacidad.<\/p>\n\n\n\n<p>Esta Pol\u00edtica de Privacidad rige la forma en que la JAPAMI, Junta de Agua Potable, Drenaje, Alcantarillado y Saneamiento del Municipio de Irapuato, recopila, utiliza, mantiene y divulga informaci\u00f3n recopilada de los usuarios (cada uno, un \u201cUsuario\u201d) del sitio web (\u201cSitio\u201d). Esta pol\u00edtica de privacidad se aplica al Sitio y todos los productos y servicios ofrecidos por la JAPAMI, Junta de Agua Potable, Drenaje, Alcantarillado y Saneamiento del Municipio de Irapuato.<\/p>\n\n\n\n<p><strong>Competencia<\/strong><\/p>\n\n\n\n<p>La Junta de Agua Potable, Drenaje, Alcantarillado y Saneamiento del Municipio de Irapuato es un Organismo P\u00fablico Descentralizado del Municipio de Irapuato, Guanajuato, creada por Acuerdo de Ayuntamiento, de fecha 20 de octubre de 1984, publicado en el Peri\u00f3dico Oficial el 2 de noviembre del mismo a\u00f1o, la cual, tuvo una modificaci\u00f3n a su denominaci\u00f3n derivado del acuerdo del H. Ayuntamiento, aprobado por unanimidad en la octog\u00e9sima cuarta sesi\u00f3n de dicho cuerpo colegiado de fecha 31 de agosto del a\u00f1o 2006, quedando como&nbsp;<strong>Junta de Agua Potable, Drenaje, Alcantarillado y Saneamiento del Municipio de Irapuato, Guanajuato<\/strong>, la cual, es un Organismo P\u00fablico Descentralizado de la Administraci\u00f3n P\u00fablica Municipal, con personalidad jur\u00eddica y patrimonio propio, contando con plena capacidad para poseer y administrar todos los bienes necesarios para ejercer sus funciones en el marco de sus atribuciones conferidas en su Decreto de Creaci\u00f3n.<\/p>\n\n\n\n<p>Objeto. La Pol\u00edtica de Privacidad y Protecci\u00f3n de Datos Personales, en adelante la Pol\u00edtica de Privacidad, explica c\u00f3mo se tratan y protegen los datos personales que sean recolectados en el portal https:\/\/www.japami.gob.mx.; dando la seguridad de que sus datos ser\u00e1n almacenados en plataformas seguras.<\/p>\n\n\n\n<p><strong>Disposiciones Generales.<\/strong><\/p>\n\n\n\n<p>Al proporcionar sus Datos Personales por escrito, a trav\u00e9s de una solicitud, formato en papel, formato digital, correo electr\u00f3nico, o cualquier otro documento, acepta y autoriza a la Junta de Agua Potable, Drenaje, Alcantarillado y Saneamiento del Municipio de Irapuato a utilizar y tratar de forma automatizada sus datos personales e informaci\u00f3n suministrados, los cuales formar\u00e1n parte de nuestro padr\u00f3n de usuarios con la finalidad de usarlos para: identificarte, ubicarte, comunicarte, contactarte, enviarte recibos de pago, as\u00ed como para enviarlos y\/o transferirlos a Dependencias P\u00fablicas que lo soliciten en t\u00e9rminos de la Ley Federal de Transparencia y Acceso a la Informaci\u00f3n P\u00fablica Gubernamental, as\u00ed como las dem\u00e1s leyes aplicables a la materia.<\/p>\n\n\n\n<p>Mediante la aceptaci\u00f3n y autorizaci\u00f3n para el tratamiento de tus datos personales en los t\u00e9rminos antes se\u00f1alados, nos facultas expresamente a transferirlos a autoridades de cualquier nivel (Federales, Estatales, Municipales) con la finalidad de coadyuvar a las distintas instituciones p\u00fablicas a cumplir de manera puntual y eficaz con las encomiendas que, derivado de su naturaleza, les hayan sido conferidas.<\/p>\n\n\n\n<p>Podemos recopilar informaci\u00f3n de identificaci\u00f3n personal de los Usuarios de diversas maneras en relaci\u00f3n con las actividades, servicios, caracter\u00edsticas o recursos que ponemos a disposici\u00f3n en nuestro Sitio. Los usuarios pueden visitar nuestro sitio an\u00f3nimamente. Recopilaremos la informaci\u00f3n de identificaci\u00f3n personal de los Usuarios solamente si voluntariamente nos env\u00edan dicha informaci\u00f3n. Los usuarios siempre pueden negarse a proporcionar informaci\u00f3n de identificaci\u00f3n personal, excepto que puede impedirles participar en ciertas actividades relacionadas con el Sitio.<\/p>\n\n\n\n<p>Datos sometidos a tratamiento. Los datos que se recolectan a trav\u00e9s del portal https:\/\/www.japami.gob.mx. en ning\u00fan caso son datos sensibles, y consisten en los siguientes datos: nombre completo, domicilio, ciudad, estado, tel\u00e9fono, correo electr\u00f3nico, R.F.C.<\/p>\n\n\n\n<p>Informaci\u00f3n de identificaci\u00f3n no personal. Podemos recopilar informaci\u00f3n de identificaci\u00f3n no personal sobre los Usuarios siempre que interact\u00faen con nuestro Sitio.<\/p>\n\n\n\n<p>Cookies del navegador web. Nuestro Sitio puede usar \u201ccookies\u201d para mejorar la experiencia del Usuario. El navegador web del usuario coloca las cookies en su disco duro para fines de mantenimiento de registros y a veces para rastrear informaci\u00f3n sobre ellas. El usuario puede elegir configurar su navegador web para rechazar las cookies o para avisarle cuando se env\u00edan las cookies. Si lo hacen, tenga en cuenta que algunas partes del Sitio podr\u00edan no funcionar correctamente.<\/p>\n\n\n\n<p>C\u00f3mo protegemos su informaci\u00f3n. Adoptamos pr\u00e1cticas adecuadas de recopilaci\u00f3n, almacenamiento y procesamiento de datos y medidas de seguridad para proteger contra el acceso no autorizado, alteraci\u00f3n, divulgaci\u00f3n o destrucci\u00f3n de su informaci\u00f3n personal, nombre de usuario, contrase\u00f1a, informaci\u00f3n de transacci\u00f3n y datos almacenados en nuestro Sitio.<\/p>\n\n\n\n<p>C\u00f3mo compartir su informaci\u00f3n personal. No vendemos, comerciamos ni alquilamos la informaci\u00f3n de identificaci\u00f3n personal de los Usuarios a terceros.<\/p>\n\n\n\n<p><strong>Cambios en esta pol\u00edtica de privacidad JAPAMI.<\/strong><\/p>\n\n\n\n<p>La Junta de Agua Potable, Drenaje, Alcantarillado y Saneamiento del Municipio de Irapuato, tiene la discreci\u00f3n de actualizar esta pol\u00edtica de privacidad en cualquier momento. Cuando lo hagamos, revisaremos la fecha actualizada al final de esta p\u00e1gina. Animamos a los Usuarios a revisar frecuentemente esta p\u00e1gina para cualquier cambio para mantenerse informado sobre c\u00f3mo estamos ayudando a proteger la informaci\u00f3n personal que recopilamos. Usted reconoce y acepta que es su responsabilidad revisar esta pol\u00edtica de privacidad peri\u00f3dicamente y tomar conocimiento de las modificaciones. No obstante, lo anterior, la presente pol\u00edtica de privacidad siempre deber\u00e1 observar las disposiciones jur\u00eddicas aplicables.<\/p>\n\n\n\n<p><strong>Acceso y correcci\u00f3n de tus datos personales.<\/strong><\/p>\n\n\n\n<p>Las Dependencias y Entidades de la Administraci\u00f3n P\u00fablica y de las empresas productivas del Estado, deber\u00e1n permitir al interesado ejercer los derechos de acceso y correcci\u00f3n de datos personales de conformidad con el art\u00edculo 16 p\u00e1rrafo segundo de la Constituci\u00f3n Pol\u00edtica de los Estados Unidos Mexicanos, as\u00ed como los art\u00edculos 24 y 25 de la Ley Federal de Transparencia y Acceso a la Informaci\u00f3n P\u00fablica Gubernamental, as\u00ed como el 47 de su Reglamento, y conforme a los procedimientos y mecanismos previstos en los lineamientos emitidos en esa materia por el INAI. Lo anterior tambi\u00e9n, en cumplimiento del D\u00e9cimo S\u00e9ptimo y D\u00e9cimo Octavo de los Lineamientos de Protecci\u00f3n de Datos Personales.<\/p>\n\n\n\n<p>Para ejercer los derechos de acceso y correcci\u00f3n, podr\u00e1 acudir a la direcci\u00f3n: Boulevard Juan Jos\u00e9 Torres Landa #1720 colonia Independencia, Irapuato Guanajuato.<\/p>\n\n\n\n<p>Su aceptaci\u00f3n de estos t\u00e9rminos. Al usar este Sitio, significa que usted acepta esta pol\u00edtica. Si no est\u00e1 de acuerdo con esta pol\u00edtica, no utilice nuestro sitio. Su uso continuado del Sitio tras la publicaci\u00f3n de cambios en esta pol\u00edtica se considerar\u00e1 su aceptaci\u00f3n de dichos cambios.<\/p>\n\n\n\n<p><\/p>\n","protected":false},"excerpt":{"rendered":"<p>POL\u00cdTICA DE PRIVACIDAD. La Junta de Agua Potable, Drenaje, Alcantarillado y Saneamiento del Municipio de Irapuato proteger\u00e1 sus datos personales proporcionados a trav\u00e9s del portal https:\/\/www.japami.gob.mx. Por esta raz\u00f3n, a trav\u00e9s del presente da a conocer a sus usuarios las siguientes pol\u00edticas, basadas en la normatividad vigente aplicable a la protecci\u00f3n de datos personales. En [&hellip;]<\/p>\n","protected":false},"author":1,"featured_media":0,"parent":0,"menu_order":0,"comment_status":"closed","ping_status":"closed","template":"","meta":{"footnotes":""},"class_list":["post-3611","page","type-page","status-publish","hentry"],"_links":{"self":[{"href":"https:\/\/www.japami.gob.mx\/index.php\/wp-json\/wp\/v2\/pages\/3611","targetHints":{"allow":["GET"]}}],"collection":[{"href":"https:\/\/www.japami.gob.mx\/index.php\/wp-json\/wp\/v2\/pages"}],"about":[{"href":"https:\/\/www.japami.gob.mx\/index.php\/wp-json\/wp\/v2\/types\/page"}],"author":[{"embeddable":true,"href":"https:\/\/www.japami.gob.mx\/index.php\/wp-json\/wp\/v2\/users\/1"}],"replies":[{"embeddable":true,"href":"https:\/\/www.japami.gob.mx\/index.php\/wp-json\/wp\/v2\/comments?post=3611"}],"version-history":[{"count":5,"href":"https:\/\/www.japami.gob.mx\/index.php\/wp-json\/wp\/v2\/pages\/3611\/revisions"}],"predecessor-version":[{"id":3618,"href":"https:\/\/www.japami.gob.mx\/index.php\/wp-json\/wp\/v2\/pages\/3611\/revisions\/3618"}],"wp:attachment":[{"href":"https:\/\/www.japami.gob.mx\/index.php\/wp-json\/wp\/v2\/media?parent=3611"}],"curies":[{"name":"wp","href":"https:\/\/api.w.org\/{rel}","templated":true}]}}