{"id":2017,"date":"2024-08-27T17:13:29","date_gmt":"2024-08-27T17:13:29","guid":{"rendered":"https:\/\/site.japami.gob.mx\/?page_id=2017"},"modified":"2024-08-27T17:31:22","modified_gmt":"2024-08-27T17:31:22","slug":"redireccionamiento","status":"publish","type":"page","link":"https:\/\/www.japami.gob.mx\/index.php\/redireccionamiento\/","title":{"rendered":"Redireccionamiento"},"content":{"rendered":"\t\t<div data-elementor-type=\"wp-page\" data-elementor-id=\"2017\" class=\"elementor elementor-2017\" data-elementor-post-type=\"page\">\n\t\t\t\t<div class=\"elementor-element elementor-element-9471e5e e-flex e-con-boxed e-con e-parent\" data-id=\"9471e5e\" data-element_type=\"container\" data-e-type=\"container\">\n\t\t\t\t\t<div class=\"e-con-inner\">\n\t\t<div class=\"elementor-element elementor-element-4b2861c e-con-full e-grid e-con e-child\" data-id=\"4b2861c\" data-element_type=\"container\" data-e-type=\"container\">\n\t\t\t\t<div class=\"elementor-element elementor-element-2b194b7 elementor-widget elementor-widget-image\" data-id=\"2b194b7\" data-element_type=\"widget\" data-e-type=\"widget\" data-widget_type=\"image.default\">\n\t\t\t\t<div class=\"elementor-widget-container\">\n\t\t\t\t\t\t\t\t\t\t\t\t\t\t\t<img fetchpriority=\"high\" decoding=\"async\" width=\"279\" height=\"300\" src=\"https:\/\/www.japami.gob.mx\/wp-content\/uploads\/2024\/08\/JAPI-NUEVO-951x1024-1-279x300.png\" class=\"attachment-medium size-medium wp-image-2020\" alt=\"\" srcset=\"https:\/\/www.japami.gob.mx\/wp-content\/uploads\/2024\/08\/JAPI-NUEVO-951x1024-1-279x300.png 279w, https:\/\/www.japami.gob.mx\/wp-content\/uploads\/2024\/08\/JAPI-NUEVO-951x1024-1-768x827.png 768w, https:\/\/www.japami.gob.mx\/wp-content\/uploads\/2024\/08\/JAPI-NUEVO-951x1024-1.png 951w\" sizes=\"(max-width: 279px) 100vw, 279px\" \/>\t\t\t\t\t\t\t\t\t\t\t\t\t\t\t<\/div>\n\t\t\t\t<\/div>\n\t\t\t\t<div class=\"elementor-element elementor-element-857c0ea elementor-widget elementor-widget-text-editor\" data-id=\"857c0ea\" data-element_type=\"widget\" data-e-type=\"widget\" data-widget_type=\"text-editor.default\">\n\t\t\t\t<div class=\"elementor-widget-container\">\n\t\t\t\t\t\t\t\t\tSu sesi\u00f3n ha expirado por inactividad para proteger su informaci\u00f3n. Inicie sesi\u00f3n nuevamente para acceder.\n<br>\n<a href=\"https:\/\/site.japami.gob.mx\/index.php\/inicio-de-sesion\/\" class=\"enlaces fs-4 my-4\">Iniciar Sesion<\/a>\t\t\t\t\t\t\t\t<\/div>\n\t\t\t\t<\/div>\n\t\t\t\t<\/div>\n\t\t\t\t\t<\/div>\n\t\t\t\t<\/div>\n\t\t\t\t<\/div>\n\t\t","protected":false},"excerpt":{"rendered":"<p>Su sesi\u00f3n ha expirado por inactividad para proteger su informaci\u00f3n. Inicie sesi\u00f3n nuevamente para acceder. Iniciar Sesion<\/p>\n","protected":false},"author":1,"featured_media":0,"parent":0,"menu_order":0,"comment_status":"closed","ping_status":"closed","template":"elementor_header_footer","meta":{"footnotes":""},"class_list":["post-2017","page","type-page","status-publish","hentry"],"_links":{"self":[{"href":"https:\/\/www.japami.gob.mx\/index.php\/wp-json\/wp\/v2\/pages\/2017","targetHints":{"allow":["GET"]}}],"collection":[{"href":"https:\/\/www.japami.gob.mx\/index.php\/wp-json\/wp\/v2\/pages"}],"about":[{"href":"https:\/\/www.japami.gob.mx\/index.php\/wp-json\/wp\/v2\/types\/page"}],"author":[{"embeddable":true,"href":"https:\/\/www.japami.gob.mx\/index.php\/wp-json\/wp\/v2\/users\/1"}],"replies":[{"embeddable":true,"href":"https:\/\/www.japami.gob.mx\/index.php\/wp-json\/wp\/v2\/comments?post=2017"}],"version-history":[{"count":28,"href":"https:\/\/www.japami.gob.mx\/index.php\/wp-json\/wp\/v2\/pages\/2017\/revisions"}],"predecessor-version":[{"id":2048,"href":"https:\/\/www.japami.gob.mx\/index.php\/wp-json\/wp\/v2\/pages\/2017\/revisions\/2048"}],"wp:attachment":[{"href":"https:\/\/www.japami.gob.mx\/index.php\/wp-json\/wp\/v2\/media?parent=2017"}],"curies":[{"name":"wp","href":"https:\/\/api.w.org\/{rel}","templated":true}]}}