{"id":1176,"date":"2024-08-15T16:46:44","date_gmt":"2024-08-15T16:46:44","guid":{"rendered":"https:\/\/site.japami.gob.mx\/?page_id=1176"},"modified":"2026-02-09T14:41:43","modified_gmt":"2026-02-09T20:41:43","slug":"cuidemos-el-agua","status":"publish","type":"page","link":"https:\/\/www.japami.gob.mx\/index.php\/cuidemos-el-agua\/","title":{"rendered":"Cuidemos el agua"},"content":{"rendered":"\t\t<div data-elementor-type=\"wp-page\" data-elementor-id=\"1176\" class=\"elementor elementor-1176\" data-elementor-post-type=\"page\">\n\t\t\t\t<div class=\"elementor-element elementor-element-443b783 e-flex e-con-boxed e-con e-parent\" data-id=\"443b783\" data-element_type=\"container\" data-e-type=\"container\" data-settings=\"{&quot;background_background&quot;:&quot;classic&quot;}\">\n\t\t\t\t\t<div class=\"e-con-inner\">\n\t\t<div class=\"elementor-element elementor-element-c3f986d e-con-full e-flex e-con e-child\" data-id=\"c3f986d\" data-element_type=\"container\" data-e-type=\"container\">\n\t\t\t\t<div class=\"elementor-element elementor-element-df14f77 elementor-invisible elementor-widget elementor-widget-heading\" data-id=\"df14f77\" data-element_type=\"widget\" data-e-type=\"widget\" data-settings=\"{&quot;_animation&quot;:&quot;fadeInUp&quot;}\" data-widget_type=\"heading.default\">\n\t\t\t\t<div class=\"elementor-widget-container\">\n\t\t\t\t\t<h1 class=\"elementor-heading-title elementor-size-default\">CUIDEMOS<br> EL AGUA<\/h1>\t\t\t\t<\/div>\n\t\t\t\t<\/div>\n\t\t\t\t<div class=\"elementor-element elementor-element-3ffe325 elementor-widget elementor-widget-heading\" data-id=\"3ffe325\" data-element_type=\"widget\" data-e-type=\"widget\" data-widget_type=\"heading.default\">\n\t\t\t\t<div class=\"elementor-widget-container\">\n\t\t\t\t\t<h4 class=\"elementor-heading-title elementor-size-default\">Estamos comprometidos con la modernizaci\u00f3n y la sostenibilidad, cuidamos cada gota de agua para proteger el bienestar de las futuras generaciones.<\/h4>\t\t\t\t<\/div>\n\t\t\t\t<\/div>\n\t\t\t\t<\/div>\n\t\t<div class=\"elementor-element elementor-element-a208860 e-con-full e-flex e-con e-child\" data-id=\"a208860\" data-element_type=\"container\" data-e-type=\"container\">\n\t\t\t\t<\/div>\n\t\t\t\t\t<\/div>\n\t\t\t\t<\/div>\n\t\t<div class=\"elementor-element elementor-element-0a59869 e-flex e-con-boxed e-con e-parent\" data-id=\"0a59869\" data-element_type=\"container\" data-e-type=\"container\" data-settings=\"{&quot;background_background&quot;:&quot;classic&quot;}\">\n\t\t\t\t\t<div class=\"e-con-inner\">\n\t\t<div class=\"elementor-element elementor-element-46559cf e-con-full e-flex e-con e-child\" data-id=\"46559cf\" data-element_type=\"container\" data-e-type=\"container\">\n\t\t\t\t<div class=\"elementor-element elementor-element-c614b16 elementor-widget elementor-widget-image\" data-id=\"c614b16\" data-element_type=\"widget\" data-e-type=\"widget\" data-widget_type=\"image.default\">\n\t\t\t\t<div class=\"elementor-widget-container\">\n\t\t\t\t\t\t\t\t\t\t\t\t\t\t\t<img fetchpriority=\"high\" decoding=\"async\" width=\"800\" height=\"861\" src=\"https:\/\/www.japami.gob.mx\/wp-content\/uploads\/2024\/07\/JAPI-NUEVO-951x1024.png\" class=\"attachment-large size-large wp-image-417\" alt=\"\" srcset=\"https:\/\/www.japami.gob.mx\/wp-content\/uploads\/2024\/07\/JAPI-NUEVO-951x1024.png 951w, https:\/\/www.japami.gob.mx\/wp-content\/uploads\/2024\/07\/JAPI-NUEVO-279x300.png 279w, https:\/\/www.japami.gob.mx\/wp-content\/uploads\/2024\/07\/JAPI-NUEVO-768x827.png 768w, https:\/\/www.japami.gob.mx\/wp-content\/uploads\/2024\/07\/JAPI-NUEVO.png 1024w\" sizes=\"(max-width: 800px) 100vw, 800px\" \/>\t\t\t\t\t\t\t\t\t\t\t\t\t\t\t<\/div>\n\t\t\t\t<\/div>\n\t\t\t\t<\/div>\n\t\t<div class=\"elementor-element elementor-element-a40d209 e-con-full e-flex e-con e-child\" data-id=\"a40d209\" data-element_type=\"container\" data-e-type=\"container\">\n\t\t\t\t<div class=\"elementor-element elementor-element-dab782f elementor-widget__width-initial elementor-widget elementor-widget-heading\" data-id=\"dab782f\" data-element_type=\"widget\" data-e-type=\"widget\" data-widget_type=\"heading.default\">\n\t\t\t\t<div class=\"elementor-widget-container\">\n\t\t\t\t\t<h4 class=\"elementor-heading-title elementor-size-default\">Estamos comprometidos con la modernizaci\u00f3n y la sostenibilidad, cuidamos cada gota de agua para proteger el bienestar de las futuras generaciones.<\/h4>\t\t\t\t<\/div>\n\t\t\t\t<\/div>\n\t\t\t\t<\/div>\n\t\t\t\t\t<\/div>\n\t\t\t\t<\/div>\n\t\t<div class=\"elementor-element elementor-element-8a11cfc e-flex e-con-boxed e-con e-parent\" data-id=\"8a11cfc\" data-element_type=\"container\" data-e-type=\"container\" data-settings=\"{&quot;background_background&quot;:&quot;classic&quot;}\">\n\t\t\t\t\t<div class=\"e-con-inner\">\n\t\t\t\t<div class=\"elementor-element elementor-element-7e98759 elementor-widget elementor-widget-video\" data-id=\"7e98759\" data-element_type=\"widget\" data-e-type=\"widget\" data-settings=\"{&quot;youtube_url&quot;:&quot;https:\\\/\\\/www.youtube.com\\\/watch?v=o04xZtPso60&quot;,&quot;show_image_overlay&quot;:&quot;yes&quot;,&quot;image_overlay&quot;:{&quot;url&quot;:&quot;https:\\\/\\\/site.japami.gob.mx\\\/wp-content\\\/uploads\\\/2024\\\/08\\\/Video-2.jpg&quot;,&quot;id&quot;:1990,&quot;size&quot;:&quot;&quot;,&quot;alt&quot;:&quot;&quot;,&quot;source&quot;:&quot;library&quot;},&quot;autoplay&quot;:&quot;yes&quot;,&quot;play_on_mobile&quot;:&quot;yes&quot;,&quot;video_type&quot;:&quot;youtube&quot;,&quot;controls&quot;:&quot;yes&quot;}\" data-widget_type=\"video.default\">\n\t\t\t\t<div class=\"elementor-widget-container\">\n\t\t\t\t\t\t\t<div class=\"elementor-wrapper elementor-open-inline\">\n\t\t\t<div class=\"elementor-video\"><\/div>\t\t\t\t<div class=\"elementor-custom-embed-image-overlay\" style=\"background-image: url(https:\/\/www.japami.gob.mx\/wp-content\/uploads\/2024\/08\/Video-2.jpg);\">\n\t\t\t\t\t\t\t\t\t\t\t\t\t\t\t\t<div class=\"elementor-custom-embed-play\" role=\"button\" aria-label=\"Reproducir v\u00eddeo\" tabindex=\"0\">\n\t\t\t\t\t\t\t<svg aria-hidden=\"true\" class=\"e-font-icon-svg e-eicon-play\" viewBox=\"0 0 1000 1000\" xmlns=\"http:\/\/www.w3.org\/2000\/svg\"><path d=\"M838 162C746 71 633 25 500 25 371 25 258 71 163 162 71 254 25 367 25 500 25 633 71 746 163 837 254 929 367 979 500 979 633 979 746 933 838 837 929 746 975 633 975 500 975 367 929 254 838 162M808 192C892 279 933 379 933 500 933 621 892 725 808 808 725 892 621 938 500 938 379 938 279 896 196 808 113 725 67 621 67 500 67 379 108 279 196 192 279 108 383 62 500 62 621 62 721 108 808 192M438 392V642L642 517 438 392Z\"><\/path><\/svg>\t\t\t\t\t\t<\/div>\n\t\t\t\t\t\t\t\t\t<\/div>\n\t\t\t\t\t<\/div>\n\t\t\t\t\t\t<\/div>\n\t\t\t\t<\/div>\n\t\t\t\t\t<\/div>\n\t\t\t\t<\/div>\n\t\t<div class=\"elementor-element elementor-element-e81b2e6 e-flex e-con-boxed e-con e-parent\" data-id=\"e81b2e6\" data-element_type=\"container\" data-e-type=\"container\">\n\t\t\t\t\t<div class=\"e-con-inner\">\n\t\t<div class=\"elementor-element elementor-element-f206261 e-con-full e-flex e-con e-child\" data-id=\"f206261\" data-element_type=\"container\" data-e-type=\"container\">\n\t\t\t\t<div class=\"elementor-element elementor-element-d1ecd7f elementor-widget elementor-widget-image\" data-id=\"d1ecd7f\" data-element_type=\"widget\" data-e-type=\"widget\" data-widget_type=\"image.default\">\n\t\t\t\t<div class=\"elementor-widget-container\">\n\t\t\t\t\t\t\t\t\t\t\t\t\t\t\t<img decoding=\"async\" width=\"283\" height=\"434\" src=\"https:\/\/www.japami.gob.mx\/wp-content\/uploads\/2024\/08\/LENGUAJE-INCLUSIVO.png\" class=\"attachment-large size-large wp-image-1531\" alt=\"\" srcset=\"https:\/\/www.japami.gob.mx\/wp-content\/uploads\/2024\/08\/LENGUAJE-INCLUSIVO.png 283w, https:\/\/www.japami.gob.mx\/wp-content\/uploads\/2024\/08\/LENGUAJE-INCLUSIVO-196x300.png 196w\" sizes=\"(max-width: 283px) 100vw, 283px\" \/>\t\t\t\t\t\t\t\t\t\t\t\t\t\t\t<\/div>\n\t\t\t\t<\/div>\n\t\t\t\t<\/div>\n\t\t<div class=\"elementor-element elementor-element-7cd28eb e-con-full e-flex e-con e-child\" data-id=\"7cd28eb\" data-element_type=\"container\" data-e-type=\"container\">\n\t\t\t\t<div class=\"elementor-element elementor-element-58cbe5b elementor-widget elementor-widget-image\" data-id=\"58cbe5b\" data-element_type=\"widget\" data-e-type=\"widget\" data-widget_type=\"image.default\">\n\t\t\t\t<div class=\"elementor-widget-container\">\n\t\t\t\t\t\t\t\t\t\t\t\t\t\t\t<img decoding=\"async\" width=\"290\" height=\"434\" src=\"https:\/\/www.japami.gob.mx\/wp-content\/uploads\/2024\/08\/LACTANCIA-MATERNA-INFO.png\" class=\"attachment-large size-large wp-image-1532\" alt=\"\" srcset=\"https:\/\/www.japami.gob.mx\/wp-content\/uploads\/2024\/08\/LACTANCIA-MATERNA-INFO.png 290w, https:\/\/www.japami.gob.mx\/wp-content\/uploads\/2024\/08\/LACTANCIA-MATERNA-INFO-200x300.png 200w\" sizes=\"(max-width: 290px) 100vw, 290px\" \/>\t\t\t\t\t\t\t\t\t\t\t\t\t\t\t<\/div>\n\t\t\t\t<\/div>\n\t\t\t\t<\/div>\n\t\t<div class=\"elementor-element elementor-element-0f6496d e-con-full e-flex e-con e-child\" data-id=\"0f6496d\" data-element_type=\"container\" data-e-type=\"container\">\n\t\t\t\t<div class=\"elementor-element elementor-element-3307270 elementor-widget elementor-widget-image\" data-id=\"3307270\" data-element_type=\"widget\" data-e-type=\"widget\" data-widget_type=\"image.default\">\n\t\t\t\t<div class=\"elementor-widget-container\">\n\t\t\t\t\t\t\t\t\t\t\t\t\t\t\t<img loading=\"lazy\" decoding=\"async\" width=\"283\" height=\"434\" src=\"https:\/\/www.japami.gob.mx\/wp-content\/uploads\/2024\/08\/Corresponsabilidad.png\" class=\"attachment-large size-large wp-image-1533\" alt=\"\" srcset=\"https:\/\/www.japami.gob.mx\/wp-content\/uploads\/2024\/08\/Corresponsabilidad.png 283w, https:\/\/www.japami.gob.mx\/wp-content\/uploads\/2024\/08\/Corresponsabilidad-196x300.png 196w\" sizes=\"(max-width: 283px) 100vw, 283px\" \/>\t\t\t\t\t\t\t\t\t\t\t\t\t\t\t<\/div>\n\t\t\t\t<\/div>\n\t\t\t\t<\/div>\n\t\t\t\t\t<\/div>\n\t\t\t\t<\/div>\n\t\t<div class=\"elementor-element elementor-element-7bde629 e-con-full e-flex e-con e-parent\" data-id=\"7bde629\" data-element_type=\"container\" data-e-type=\"container\">\n\t\t<div class=\"elementor-element elementor-element-7945061 e-con-full e-flex e-con e-child\" data-id=\"7945061\" data-element_type=\"container\" data-e-type=\"container\" data-settings=\"{&quot;background_background&quot;:&quot;classic&quot;}\">\n\t\t\t\t<div class=\"elementor-element elementor-element-c43bc0e elementor-widget elementor-widget-image\" data-id=\"c43bc0e\" data-element_type=\"widget\" data-e-type=\"widget\" data-widget_type=\"image.default\">\n\t\t\t\t<div class=\"elementor-widget-container\">\n\t\t\t\t\t\t\t\t\t\t\t\t\t\t\t<img loading=\"lazy\" decoding=\"async\" width=\"354\" height=\"495\" src=\"https:\/\/www.japami.gob.mx\/wp-content\/uploads\/2024\/08\/Happyjapi-botarga.png\" class=\"attachment-large size-large wp-image-1535\" alt=\"\" srcset=\"https:\/\/www.japami.gob.mx\/wp-content\/uploads\/2024\/08\/Happyjapi-botarga.png 354w, https:\/\/www.japami.gob.mx\/wp-content\/uploads\/2024\/08\/Happyjapi-botarga-215x300.png 215w\" sizes=\"(max-width: 354px) 100vw, 354px\" \/>\t\t\t\t\t\t\t\t\t\t\t\t\t\t\t<\/div>\n\t\t\t\t<\/div>\n\t\t\t\t<\/div>\n\t\t<div class=\"elementor-element elementor-element-fa0e9e2 e-con-full e-flex e-con e-child\" data-id=\"fa0e9e2\" data-element_type=\"container\" data-e-type=\"container\" data-settings=\"{&quot;background_background&quot;:&quot;classic&quot;}\">\n\t\t\t\t<div class=\"elementor-element elementor-element-a94ae9c elementor-widget elementor-widget-heading\" data-id=\"a94ae9c\" data-element_type=\"widget\" data-e-type=\"widget\" data-widget_type=\"heading.default\">\n\t\t\t\t<div class=\"elementor-widget-container\">\n\t\t\t\t\t<h2 class=\"elementor-heading-title elementor-size-default\">INSCRIBE TU ESCUELA A <b>CULTURA DEL AGUA JAPAMI<\/b><\/h2>\t\t\t\t<\/div>\n\t\t\t\t<\/div>\n\t\t<div class=\"elementor-element elementor-element-a1f7da4 e-con-full e-flex e-con e-child\" data-id=\"a1f7da4\" data-element_type=\"container\" data-e-type=\"container\">\n\t\t\t\t<div class=\"elementor-element elementor-element-2e29cc6 elementor-widget elementor-widget-text-editor\" data-id=\"2e29cc6\" data-element_type=\"widget\" data-e-type=\"widget\" data-widget_type=\"text-editor.default\">\n\t\t\t\t<div class=\"elementor-widget-container\">\n\t\t\t\t\t\t\t\t\t<h3 style=\"text-align: left;\">\u00a1Agenda una visita!<br \/>\ud83d\udce7 Correo: pcazares@japami.gob.mx<br \/>\ud83d\udcde Tel\u00e9fono: 462 606 9100 Ext. 187<\/h3>\t\t\t\t\t\t\t\t<\/div>\n\t\t\t\t<\/div>\n\t\t\t\t<\/div>\n\t\t\t\t<\/div>\n\t\t\t\t<\/div>\n\t\t<div class=\"elementor-element elementor-element-73f6055 e-con-full elementor-hidden-desktop elementor-hidden-tablet elementor-hidden-mobile e-flex e-con e-parent\" data-id=\"73f6055\" data-element_type=\"container\" data-e-type=\"container\">\n\t\t<div class=\"elementor-element elementor-element-446c684 e-con-full e-flex e-con e-child\" data-id=\"446c684\" data-element_type=\"container\" data-e-type=\"container\" data-settings=\"{&quot;background_background&quot;:&quot;classic&quot;}\">\n\t\t\t\t<div class=\"elementor-element elementor-element-050038a elementor-widget elementor-widget-image\" data-id=\"050038a\" data-element_type=\"widget\" data-e-type=\"widget\" data-widget_type=\"image.default\">\n\t\t\t\t<div class=\"elementor-widget-container\">\n\t\t\t\t\t\t\t\t\t\t\t\t\t\t\t<img loading=\"lazy\" decoding=\"async\" width=\"354\" height=\"495\" src=\"https:\/\/www.japami.gob.mx\/wp-content\/uploads\/2024\/08\/Happyjapi-botarga.png\" class=\"attachment-large size-large wp-image-1535\" alt=\"\" srcset=\"https:\/\/www.japami.gob.mx\/wp-content\/uploads\/2024\/08\/Happyjapi-botarga.png 354w, https:\/\/www.japami.gob.mx\/wp-content\/uploads\/2024\/08\/Happyjapi-botarga-215x300.png 215w\" sizes=\"(max-width: 354px) 100vw, 354px\" \/>\t\t\t\t\t\t\t\t\t\t\t\t\t\t\t<\/div>\n\t\t\t\t<\/div>\n\t\t\t\t<\/div>\n\t\t<div class=\"elementor-element elementor-element-79cc5e8 e-con-full e-flex e-con e-child\" data-id=\"79cc5e8\" data-element_type=\"container\" data-e-type=\"container\" data-settings=\"{&quot;background_background&quot;:&quot;classic&quot;}\">\n\t\t\t\t<div class=\"elementor-element elementor-element-0375591 elementor-widget elementor-widget-heading\" data-id=\"0375591\" data-element_type=\"widget\" data-e-type=\"widget\" data-widget_type=\"heading.default\">\n\t\t\t\t<div class=\"elementor-widget-container\">\n\t\t\t\t\t<h2 class=\"elementor-heading-title elementor-size-default\">INSCRIBE TU ESCUELA A <b>CULTURA DEL AGUA JAPAMI<\/b><\/h2>\t\t\t\t<\/div>\n\t\t\t\t<\/div>\n\t\t\t\t<div class=\"elementor-element elementor-element-ed141b4 elementor-button-align-center elementor-widget elementor-widget-form\" data-id=\"ed141b4\" data-element_type=\"widget\" data-e-type=\"widget\" data-settings=\"{&quot;step_next_label&quot;:&quot;Siguiente&quot;,&quot;step_previous_label&quot;:&quot;Anterior&quot;,&quot;button_width&quot;:&quot;100&quot;,&quot;step_type&quot;:&quot;number_text&quot;,&quot;step_icon_shape&quot;:&quot;circle&quot;}\" data-widget_type=\"form.default\">\n\t\t\t\t<div class=\"elementor-widget-container\">\n\t\t\t\t\t\t\t<form class=\"elementor-form\" method=\"post\" name=\"Nuevo formulario\" aria-label=\"Nuevo formulario\">\n\t\t\t<input type=\"hidden\" name=\"post_id\" value=\"1176\"\/>\n\t\t\t<input type=\"hidden\" name=\"form_id\" value=\"ed141b4\"\/>\n\t\t\t<input type=\"hidden\" name=\"referer_title\" value=\"Cuidemos el agua\" \/>\n\n\t\t\t\t\t\t\t<input type=\"hidden\" name=\"queried_id\" value=\"1176\"\/>\n\t\t\t\n\t\t\t<div class=\"elementor-form-fields-wrapper elementor-labels-above\">\n\t\t\t\t\t\t\t\t<div class=\"elementor-field-type-text elementor-field-group elementor-column elementor-field-group-name elementor-col-100\">\n\t\t\t\t\t\t\t\t\t\t\t\t<label for=\"form-field-name\" class=\"elementor-field-label\">\n\t\t\t\t\t\t\t\tNombre de la escuela\t\t\t\t\t\t\t<\/label>\n\t\t\t\t\t\t\t\t\t\t\t\t\t\t<input size=\"1\" type=\"text\" name=\"form_fields[name]\" id=\"form-field-name\" class=\"elementor-field elementor-size-sm  elementor-field-textual\">\n\t\t\t\t\t\t\t\t\t\t\t<\/div>\n\t\t\t\t\t\t\t\t<div class=\"elementor-field-type-text elementor-field-group elementor-column elementor-field-group-email elementor-col-100 elementor-field-required\">\n\t\t\t\t\t\t\t\t\t\t\t\t<label for=\"form-field-email\" class=\"elementor-field-label\">\n\t\t\t\t\t\t\t\tEncargado\t\t\t\t\t\t\t<\/label>\n\t\t\t\t\t\t\t\t\t\t\t\t\t\t<input size=\"1\" type=\"text\" name=\"form_fields[email]\" id=\"form-field-email\" class=\"elementor-field elementor-size-sm  elementor-field-textual\" required=\"required\">\n\t\t\t\t\t\t\t\t\t\t\t<\/div>\n\t\t\t\t\t\t\t\t<div class=\"elementor-field-type-text elementor-field-group elementor-column elementor-field-group-field_15f8911 elementor-col-100 elementor-field-required\">\n\t\t\t\t\t\t\t\t\t\t\t\t<label for=\"form-field-field_15f8911\" class=\"elementor-field-label\">\n\t\t\t\t\t\t\t\tN\u00famero de alumnos\t\t\t\t\t\t\t<\/label>\n\t\t\t\t\t\t\t\t\t\t\t\t\t\t<input size=\"1\" type=\"text\" name=\"form_fields[field_15f8911]\" id=\"form-field-field_15f8911\" class=\"elementor-field elementor-size-sm  elementor-field-textual\" required=\"required\">\n\t\t\t\t\t\t\t\t\t\t\t<\/div>\n\t\t\t\t\t\t\t\t<div class=\"elementor-field-type-textarea elementor-field-group elementor-column elementor-field-group-message elementor-col-100\">\n\t\t\t\t\t\t\t\t\t\t\t\t<label for=\"form-field-message\" class=\"elementor-field-label\">\n\t\t\t\t\t\t\t\t\u00bfPor qu\u00e9 est\u00e1 interesado en llevar una pl\u00e1tica a su escuela?\t\t\t\t\t\t\t<\/label>\n\t\t\t\t\t\t<textarea class=\"elementor-field-textual elementor-field  elementor-size-sm\" name=\"form_fields[message]\" id=\"form-field-message\" rows=\"1\"><\/textarea>\t\t\t\t<\/div>\n\t\t\t\t\t\t\t\t<div class=\"elementor-field-group elementor-column elementor-field-type-submit elementor-col-100 e-form__buttons\">\n\t\t\t\t\t<button class=\"elementor-button elementor-size-sm\" type=\"submit\">\n\t\t\t\t\t\t<span class=\"elementor-button-content-wrapper\">\n\t\t\t\t\t\t\t\t\t\t\t\t\t\t\t\t\t\t\t\t\t\t<span class=\"elementor-button-text\">Enviar<\/span>\n\t\t\t\t\t\t\t\t\t\t\t\t\t<\/span>\n\t\t\t\t\t<\/button>\n\t\t\t\t<\/div>\n\t\t\t<\/div>\n\t\t<\/form>\n\t\t\t\t\t\t<\/div>\n\t\t\t\t<\/div>\n\t\t\t\t<\/div>\n\t\t\t\t<\/div>\n\t\t<div class=\"elementor-element elementor-element-d95aa76 e-con-full e-flex e-con e-parent\" data-id=\"d95aa76\" data-element_type=\"container\" data-e-type=\"container\" data-settings=\"{&quot;position&quot;:&quot;fixed&quot;}\">\n\t\t\t\t<div class=\"elementor-element elementor-element-7b33fc3 elementor-widget__width-initial elementor-hidden-desktop elementor-hidden-tablet elementor-hidden-mobile elementor-widget elementor-widget-image\" data-id=\"7b33fc3\" data-element_type=\"widget\" data-e-type=\"widget\" data-widget_type=\"image.default\">\n\t\t\t\t<div class=\"elementor-widget-container\">\n\t\t\t\t\t\t\t\t\t\t\t\t\t\t\t\t<a href=\"http:\/\/[gen_url%20path=\/index.php\/tramites\/%5D\">\n\t\t\t\t\t\t\t<img loading=\"lazy\" decoding=\"async\" width=\"386\" height=\"152\" src=\"https:\/\/www.japami.gob.mx\/wp-content\/uploads\/2025\/07\/Evalua-servicio.png\" class=\"attachment-large size-large wp-image-2923\" alt=\"\" srcset=\"https:\/\/www.japami.gob.mx\/wp-content\/uploads\/2025\/07\/Evalua-servicio.png 386w, https:\/\/www.japami.gob.mx\/wp-content\/uploads\/2025\/07\/Evalua-servicio-300x118.png 300w\" sizes=\"(max-width: 386px) 100vw, 386px\" \/>\t\t\t\t\t\t\t\t<\/a>\n\t\t\t\t\t\t\t\t\t\t\t\t\t\t\t<\/div>\n\t\t\t\t<\/div>\n\t\t\t\t<div class=\"elementor-element elementor-element-0597474 elementor-widget__width-initial elementor-widget elementor-widget-image\" data-id=\"0597474\" data-element_type=\"widget\" data-e-type=\"widget\" data-widget_type=\"image.default\">\n\t\t\t\t<div class=\"elementor-widget-container\">\n\t\t\t\t\t\t\t\t\t\t\t\t\t\t\t\t<a href=\"http:\/\/[gen_url%20path=\/index.php\/pago-en-linea\/%5D\">\n\t\t\t\t\t\t\t<img loading=\"lazy\" decoding=\"async\" width=\"800\" height=\"314\" src=\"https:\/\/www.japami.gob.mx\/wp-content\/uploads\/2025\/07\/Paga-aqui-tu-recibo-3@4x-1024x402.png\" class=\"attachment-large size-large wp-image-2903\" alt=\"\" srcset=\"https:\/\/www.japami.gob.mx\/wp-content\/uploads\/2025\/07\/Paga-aqui-tu-recibo-3@4x-1024x402.png 1024w, https:\/\/www.japami.gob.mx\/wp-content\/uploads\/2025\/07\/Paga-aqui-tu-recibo-3@4x-300x118.png 300w, https:\/\/www.japami.gob.mx\/wp-content\/uploads\/2025\/07\/Paga-aqui-tu-recibo-3@4x-768x301.png 768w, https:\/\/www.japami.gob.mx\/wp-content\/uploads\/2025\/07\/Paga-aqui-tu-recibo-3@4x-1536x602.png 1536w, https:\/\/www.japami.gob.mx\/wp-content\/uploads\/2025\/07\/Paga-aqui-tu-recibo-3@4x.png 1540w\" sizes=\"(max-width: 800px) 100vw, 800px\" \/>\t\t\t\t\t\t\t\t<\/a>\n\t\t\t\t\t\t\t\t\t\t\t\t\t\t\t<\/div>\n\t\t\t\t<\/div>\n\t\t\t\t<div class=\"elementor-element elementor-element-1834ccc elementor-widget__width-initial elementor-widget elementor-widget-image\" data-id=\"1834ccc\" data-element_type=\"widget\" data-e-type=\"widget\" data-widget_type=\"image.default\">\n\t\t\t\t<div class=\"elementor-widget-container\">\n\t\t\t\t\t\t\t\t\t\t\t\t\t\t\t\t<a href=\"http:\/\/[gen_url%20path=\/index.php\/reportes-y-seguimientos%5D\">\n\t\t\t\t\t\t\t<img loading=\"lazy\" decoding=\"async\" width=\"386\" height=\"152\" src=\"https:\/\/www.japami.gob.mx\/wp-content\/uploads\/2025\/07\/Boton-genera-tu-reporte.png\" class=\"attachment-large size-large wp-image-2924\" alt=\"\" srcset=\"https:\/\/www.japami.gob.mx\/wp-content\/uploads\/2025\/07\/Boton-genera-tu-reporte.png 386w, https:\/\/www.japami.gob.mx\/wp-content\/uploads\/2025\/07\/Boton-genera-tu-reporte-300x118.png 300w\" sizes=\"(max-width: 386px) 100vw, 386px\" \/>\t\t\t\t\t\t\t\t<\/a>\n\t\t\t\t\t\t\t\t\t\t\t\t\t\t\t<\/div>\n\t\t\t\t<\/div>\n\t\t<div class=\"elementor-element elementor-element-31b48c5 e-con-full buttons_japami e-flex e-con e-child\" data-id=\"31b48c5\" data-element_type=\"container\" data-e-type=\"container\" data-settings=\"{&quot;background_background&quot;:&quot;gradient&quot;}\">\n\t\t\t\t<div class=\"elementor-element elementor-element-183a526 elementor-widget__width-initial elementor-widget elementor-widget-image\" data-id=\"183a526\" data-element_type=\"widget\" data-e-type=\"widget\" data-widget_type=\"image.default\">\n\t\t\t\t<div class=\"elementor-widget-container\">\n\t\t\t\t\t\t\t\t\t\t\t\t\t\t\t\t<a href=\"http:\/\/[gen_url%20path=\/index.php\/avisos-de-privacidad\/%5D\">\n\t\t\t\t\t\t\t<img loading=\"lazy\" decoding=\"async\" width=\"386\" height=\"152\" src=\"https:\/\/www.japami.gob.mx\/wp-content\/uploads\/2025\/07\/AVISOS-DE-PRIVACIDAD-2.png\" class=\"attachment-large size-large wp-image-2937\" alt=\"\" srcset=\"https:\/\/www.japami.gob.mx\/wp-content\/uploads\/2025\/07\/AVISOS-DE-PRIVACIDAD-2.png 386w, https:\/\/www.japami.gob.mx\/wp-content\/uploads\/2025\/07\/AVISOS-DE-PRIVACIDAD-2-300x118.png 300w\" sizes=\"(max-width: 386px) 100vw, 386px\" \/>\t\t\t\t\t\t\t\t<\/a>\n\t\t\t\t\t\t\t\t\t\t\t\t\t\t\t<\/div>\n\t\t\t\t<\/div>\n\t\t\t\t<\/div>\n\t\t\t\t<\/div>\n\t\t\t\t<\/div>\n\t\t","protected":false},"excerpt":{"rendered":"<p>CUIDEMOS EL AGUA Estamos comprometidos con la modernizaci\u00f3n y la sostenibilidad, cuidamos cada gota de agua para proteger el bienestar de las futuras generaciones. Estamos comprometidos con la modernizaci\u00f3n y la sostenibilidad, cuidamos cada gota de agua para proteger el bienestar de las futuras generaciones. INSCRIBE TU ESCUELA A CULTURA DEL AGUA JAPAMI \u00a1Agenda una [&hellip;]<\/p>\n","protected":false},"author":1,"featured_media":0,"parent":0,"menu_order":0,"comment_status":"closed","ping_status":"closed","template":"elementor_header_footer","meta":{"footnotes":""},"class_list":["post-1176","page","type-page","status-publish","hentry"],"_links":{"self":[{"href":"https:\/\/www.japami.gob.mx\/index.php\/wp-json\/wp\/v2\/pages\/1176","targetHints":{"allow":["GET"]}}],"collection":[{"href":"https:\/\/www.japami.gob.mx\/index.php\/wp-json\/wp\/v2\/pages"}],"about":[{"href":"https:\/\/www.japami.gob.mx\/index.php\/wp-json\/wp\/v2\/types\/page"}],"author":[{"embeddable":true,"href":"https:\/\/www.japami.gob.mx\/index.php\/wp-json\/wp\/v2\/users\/1"}],"replies":[{"embeddable":true,"href":"https:\/\/www.japami.gob.mx\/index.php\/wp-json\/wp\/v2\/comments?post=1176"}],"version-history":[{"count":151,"href":"https:\/\/www.japami.gob.mx\/index.php\/wp-json\/wp\/v2\/pages\/1176\/revisions"}],"predecessor-version":[{"id":4375,"href":"https:\/\/www.japami.gob.mx\/index.php\/wp-json\/wp\/v2\/pages\/1176\/revisions\/4375"}],"wp:attachment":[{"href":"https:\/\/www.japami.gob.mx\/index.php\/wp-json\/wp\/v2\/media?parent=1176"}],"curies":[{"name":"wp","href":"https:\/\/api.w.org\/{rel}","templated":true}]}}