{"id":1136,"date":"2024-08-07T05:45:34","date_gmt":"2024-08-07T05:45:34","guid":{"rendered":"https:\/\/site.japami.gob.mx\/?page_id=1136"},"modified":"2024-08-15T22:20:35","modified_gmt":"2024-08-15T22:20:35","slug":"inicio-2","status":"publish","type":"page","link":"https:\/\/www.japami.gob.mx\/index.php\/inicio-2\/","title":{"rendered":"Menu inicio"},"content":{"rendered":"\t\t<div data-elementor-type=\"wp-page\" data-elementor-id=\"1136\" class=\"elementor elementor-1136\" data-elementor-post-type=\"page\">\n\t\t\t\t<div class=\"elementor-element elementor-element-6443942 e-flex e-con-boxed e-con e-parent\" data-id=\"6443942\" data-element_type=\"container\" data-e-type=\"container\">\n\t\t\t\t\t<div class=\"e-con-inner\">\n\t\t\t\t<div class=\"elementor-element elementor-element-08e575e elementor-widget elementor-widget-shortcode\" data-id=\"08e575e\" data-element_type=\"widget\" data-e-type=\"widget\" data-widget_type=\"shortcode.default\">\n\t\t\t\t<div class=\"elementor-widget-container\">\n\t\t\t\t\t\t\t<div class=\"elementor-shortcode\">\t<section class=\"container my-5\">\r\n        <div class=\"row m-2\">\r\n            <p class=\"fw-bolder fs-5\">Inicio<\/p>\r\n            <div class=\"col-md-4 fondomenu borderstart col-12\">\r\n                <ul class=\"menu\">\r\n                    <li class=\"mt-4 fw-bolder  fs-4\">\u00a1Bienvenido!<\/li>\r\n                    <li class=\"mb-5\" id=\"nombre_usuario\"><\/li>\r\n                <\/ul>\r\n                \r\n                <ul class=\"menu\">\r\n                    <li class=\"my-2\"><i class=\"fa-solid fa-house mx-2\"><\/i><a  id=\"inicio\">Inicio<\/a><\/li>\r\n\t\t\t\t\t<li class=\"my-2\"><i class=\"fa-solid fa-magnifying-glass mx-2\"><\/i><a  id=\"consulta\">Consultar recibo<\/a><\/li>\r\n\t\t\t\t\t<li class=\"my-2\"><i class=\"fa-solid fa-laptop mx-2\"><\/i><a id=\"pago\">Pago en linea<\/a><\/li>\r\n\t\t\t\t\t<li class=\"my-2\"><i class=\"fa-solid fa-file mx-2\"><\/i><a  id=\"factura\">Factura electr\u00f3nica<\/a><\/li>\r\n\t\t\t\t\t<li class=\"my-2\"><i class=\"fa-solid fa-phone mx-2\"><\/i><a  id=\"aquatel\">Aquatel 073<\/a><\/li>\r\n\t\t\t\t\t<li class=\"my-2\"><i class=\"fa-solid fa-circle-info mx-2\"><\/i><a  id=\"ayuda\">Ayuda<\/a><\/li>\r\n                <\/ul>\r\n                <ul class=\"menu\">\r\n                    <p>Mis datos<\/p>\r\n                    <li><i class=\"fa-solid fa-inbox mx-2\"><\/i><a id=\"datosp\">Datos personales<\/a><\/li>\r\n                \t<li><i class=\"fa-solid fa-user mx-2\"><\/i><a id=\"datosi\">Datos de inicio de sesi\u00f3n<\/a><\/li>\r\n                <\/ul>\r\n                <ul class=\"menu\">\r\n                    <p>Mis cuentas<\/p>\r\n                    <li><i class=\"fa-solid fa-user-plus mx-2\"><\/i><a  id=\"agregar\">Agregar cuenta<\/a><\/li>\r\n\t\t\t\t\t<li><i class=\"fa-solid fa-arrow-right-from-bracket mx-2\"><\/i><a href=\"\" id=\"cerrar\">Cerrar Sesi\u00f3n<\/a><\/li>\r\n                <\/ul>\r\n                <ul class=\"menu  mb-4\">\r\n                    <li class=\"fw-bolder\">\u00daltima conexi\u00f3n<\/li>\r\n                    <li id=\"Conexion\">29 de Julio de 2024 - 1:40 p.m.<\/li>\r\n                <\/ul>\r\n            <\/div>\r\n            <div class=\"col-md-8 fondo_gris col-12  borderend text-center\">\r\n                <div class=\"my-5\"><\/div>\r\n                <p class=\"fs-3 fw-bolder\">Call Center<\/p>\r\n                <p class=\"fw-light p fs-6 text-secondary\">Tel\u00e9fono: 462 114 08 88<\/p>\r\n                <div class=\"my-5\"><\/div>\r\n                <p class=\"mb-3\">M\u00e1rcanos y el pago se cargar\u00e1 a tu tarjeta bancaria <br>(A excepci\u00f3n de <b>American Express<\/b>)<\/p>\r\n                <P>Si tienes alg\u00fan problema con el pago electr\u00f3nico,\r\n                    <br>tambien puedes realizar tu pago llamando al CALL CENTER: <b>4621140888<\/b>\r\n                    <br><b>Lunes a Viernes <br>8:00 am a 3:30 pm<\/b>\r\n                <\/P>\r\n                <div class=\"my-5\"><\/div>\r\n                <p class=\"p\">Te enviaremos un enlace de pago, <br>solo necesitas tener a mano lo siguiente:<\/p>\r\n                <div class=\"my-5\"><\/div>\r\n                <p>No. Cuenta de Agua <br>Correo Electr\u00f3nico<\/p>\r\n            <\/div>\r\n        <\/div>\r\n    <\/section>\r\n    <\/div>\n\t\t\t\t\t\t<\/div>\n\t\t\t\t<\/div>\n\t\t\t\t\t<\/div>\n\t\t\t\t<\/div>\n\t\t\t\t<\/div>\n\t\t","protected":false},"excerpt":{"rendered":"","protected":false},"author":1,"featured_media":0,"parent":0,"menu_order":0,"comment_status":"closed","ping_status":"closed","template":"elementor_header_footer","meta":{"footnotes":""},"class_list":["post-1136","page","type-page","status-publish","hentry"],"_links":{"self":[{"href":"https:\/\/www.japami.gob.mx\/index.php\/wp-json\/wp\/v2\/pages\/1136","targetHints":{"allow":["GET"]}}],"collection":[{"href":"https:\/\/www.japami.gob.mx\/index.php\/wp-json\/wp\/v2\/pages"}],"about":[{"href":"https:\/\/www.japami.gob.mx\/index.php\/wp-json\/wp\/v2\/types\/page"}],"author":[{"embeddable":true,"href":"https:\/\/www.japami.gob.mx\/index.php\/wp-json\/wp\/v2\/users\/1"}],"replies":[{"embeddable":true,"href":"https:\/\/www.japami.gob.mx\/index.php\/wp-json\/wp\/v2\/comments?post=1136"}],"version-history":[{"count":5,"href":"https:\/\/www.japami.gob.mx\/index.php\/wp-json\/wp\/v2\/pages\/1136\/revisions"}],"predecessor-version":[{"id":1242,"href":"https:\/\/www.japami.gob.mx\/index.php\/wp-json\/wp\/v2\/pages\/1136\/revisions\/1242"}],"wp:attachment":[{"href":"https:\/\/www.japami.gob.mx\/index.php\/wp-json\/wp\/v2\/media?parent=1136"}],"curies":[{"name":"wp","href":"https:\/\/api.w.org\/{rel}","templated":true}]}}